{"id":2967,"date":"2022-02-25T10:49:22","date_gmt":"2022-02-25T10:49:22","guid":{"rendered":"https:\/\/sport21.com\/manfredi-ravetto\/"},"modified":"2022-02-25T10:49:22","modified_gmt":"2022-02-25T10:49:22","slug":"manfredi-ravetto","status":"publish","type":"page","link":"https:\/\/sport21.com\/it\/manfredi-ravetto\/","title":{"rendered":"Manfredi Ravetto"},"content":{"rendered":"<p>Manfredi Ravetto \u00e8 un nome legato all&#8217;eccellenza sportiva nel migliore dei modi. Nato a Palermo, Sicilia, nel 1975; \u00e8 l&#8217;erede di una dinastia di corse che \u00e8 attiva da quando esiste il motorsport stesso. In quanto tale, ha esperienza diretta in tutte le aree del motorsport, essendo lui stesso un pilota, capo delle finanze e del marketing per ForceIndia F1 Team, Jordan GP, Midland MF1 e Spyker F1 in diversi periodi di tempo ed \u00e8 anche l&#8217;unico dirigente del motorsport in storia per essere stato team-principe in Formula 1 cos\u00ec come in DTM e WEC-LMP1.<\/p>\n<p>Nominato direttore generale dell&#8217;Hispania Racing Team HRT-Cosworth F1 per il 2010 e il 2011, in seguito \u00e8 diventato il capo squadra del Caterham-Renault F1 Team prima di passare il suo ruolo in F. O&#8217;Connel verso la fine della stagione 2014. Oltre a questi ruoli esecutivi all&#8217;interno dei team di corse (inclusa la corsa al Team Kolles con Audi nel DTM e successivamente al ByKolles Racing nel World Endurance Championship nella classe LMP1); Manfredi ha sempre svolto un ruolo di successo sia nella consulenza che nella consulenza per i piloti tra cui Formula 1, Formula E, ELMS e WEC. Ha perso il record di quanti piloti ha assistito nei loro primi passi in Formula 1 e\/o negli sport motoristici professionistici, ma conserva con orgoglio un casco di tutti loro come ricordo di queste pietre miliari speciali nelle rispettive carriere negli sport motoristici.<\/p>\n<p>Oggi \u00e8 dietro le quinte con grande successo come uno dei power-broker pi\u00f9 rispettati nel mondo dello sport professionistico. In tandem con la sua intrinseca passione per il motorsport, il suo amore per gli altri sport lo ha visto anche essere il direttore commerciale di squadre di calcio professionistiche in Italia e Svizzera, in tandem con il tutoraggio di atleti di salto ostacoli e motociclismo. Oggi si concentra sull&#8217;intermediazione di accordi con i piloti, sulla consulenza del team di sport motoristici e sullo sviluppo e la sponsorizzazione di nuovi affari. Manfredi \u00e8 il presidente del Gruppo Ravetto, un piccolo conglomerato di aziende a cui Sport 21 Ltd. \u00e8 una societ\u00e0 affiliata. Porta questa esperienza unica e senza rivali come fondatore di Sport 21 e agli aspetti manageriali di esso, insieme alla sua esperienza nell&#8217;organizzazione di accordi con i conducenti, consulenza, consulenza, sviluppo e altro ancora.<\/p>\n<p>&nbsp;<\/p>\n","protected":false},"excerpt":{"rendered":"<p>Manfredi Ravetto \u00e8 un nome legato all&#8217;eccellenza sportiva nel migliore&#8230; <a class=\"view-article\" href=\"https:\/\/sport21.com\/it\/manfredi-ravetto\/\">Read more<\/a><\/p>\n","protected":false},"author":2,"featured_media":0,"parent":0,"menu_order":0,"comment_status":"closed","ping_status":"closed","template":"","meta":{"_acf_changed":false,"footnotes":""},"class_list":["post-2967","page","type-page","status-publish","hentry"],"acf":[],"yoast_head":"<!-- This site is optimized with the Yoast SEO plugin v27.4 - https:\/\/yoast.com\/product\/yoast-seo-wordpress\/ -->\n<title>Manfredi Ravetto - Sport 21<\/title>\n<meta name=\"robots\" content=\"index, follow, max-snippet:-1, max-image-preview:large, max-video-preview:-1\" \/>\n<link rel=\"canonical\" href=\"https:\/\/sport21.com\/manfredi-ravetto\/\" \/>\n<meta property=\"og:locale\" content=\"it_IT\" \/>\n<meta property=\"og:type\" content=\"article\" \/>\n<meta property=\"og:title\" content=\"Manfredi Ravetto - Sport 21\" \/>\n<meta property=\"og:description\" content=\"Manfredi Ravetto \u00e8 un nome legato all&#8217;eccellenza sportiva nel migliore... Read more\" \/>\n<meta property=\"og:url\" content=\"https:\/\/sport21.com\/manfredi-ravetto\/\" \/>\n<meta property=\"og:site_name\" content=\"Sport 21\" \/>\n<meta name=\"twitter:card\" content=\"summary_large_image\" \/>\n<meta name=\"twitter:label1\" content=\"Est. reading time\" \/>\n\t<meta name=\"twitter:data1\" content=\"2 minutes\" \/>\n<script type=\"application\/ld+json\" class=\"yoast-schema-graph\">{\"@context\":\"https:\\\/\\\/schema.org\",\"@graph\":[{\"@type\":\"WebPage\",\"@id\":\"https:\\\/\\\/sport21.com\\\/manfredi-ravetto\\\/\",\"url\":\"https:\\\/\\\/sport21.com\\\/manfredi-ravetto\\\/\",\"name\":\"Manfredi Ravetto - Sport 21\",\"isPartOf\":{\"@id\":\"https:\\\/\\\/sport21.com\\\/#website\"},\"datePublished\":\"2022-02-25T10:49:22+00:00\",\"breadcrumb\":{\"@id\":\"https:\\\/\\\/sport21.com\\\/manfredi-ravetto\\\/#breadcrumb\"},\"inLanguage\":\"it-IT\",\"potentialAction\":[{\"@type\":\"ReadAction\",\"target\":[\"https:\\\/\\\/sport21.com\\\/manfredi-ravetto\\\/\"]}]},{\"@type\":\"BreadcrumbList\",\"@id\":\"https:\\\/\\\/sport21.com\\\/manfredi-ravetto\\\/#breadcrumb\",\"itemListElement\":[{\"@type\":\"ListItem\",\"position\":1,\"name\":\"Home\",\"item\":\"https:\\\/\\\/sport21.com\\\/it\\\/\"},{\"@type\":\"ListItem\",\"position\":2,\"name\":\"Manfredi Ravetto\"}]},{\"@type\":\"WebSite\",\"@id\":\"https:\\\/\\\/sport21.com\\\/#website\",\"url\":\"https:\\\/\\\/sport21.com\\\/\",\"name\":\"Sport 21\",\"description\":\"A motorsport agency designed to support you in winning both on the track and off it\",\"potentialAction\":[{\"@type\":\"SearchAction\",\"target\":{\"@type\":\"EntryPoint\",\"urlTemplate\":\"https:\\\/\\\/sport21.com\\\/?s={search_term_string}\"},\"query-input\":{\"@type\":\"PropertyValueSpecification\",\"valueRequired\":true,\"valueName\":\"search_term_string\"}}],\"inLanguage\":\"it-IT\"}]}<\/script>\n<!-- \/ Yoast SEO plugin. -->","yoast_head_json":{"title":"Manfredi Ravetto - Sport 21","robots":{"index":"index","follow":"follow","max-snippet":"max-snippet:-1","max-image-preview":"max-image-preview:large","max-video-preview":"max-video-preview:-1"},"canonical":"https:\/\/sport21.com\/manfredi-ravetto\/","og_locale":"it_IT","og_type":"article","og_title":"Manfredi Ravetto - Sport 21","og_description":"Manfredi Ravetto \u00e8 un nome legato all&#8217;eccellenza sportiva nel migliore... Read more","og_url":"https:\/\/sport21.com\/manfredi-ravetto\/","og_site_name":"Sport 21","twitter_card":"summary_large_image","twitter_misc":{"Est. reading time":"2 minutes"},"schema":{"@context":"https:\/\/schema.org","@graph":[{"@type":"WebPage","@id":"https:\/\/sport21.com\/manfredi-ravetto\/","url":"https:\/\/sport21.com\/manfredi-ravetto\/","name":"Manfredi Ravetto - Sport 21","isPartOf":{"@id":"https:\/\/sport21.com\/#website"},"datePublished":"2022-02-25T10:49:22+00:00","breadcrumb":{"@id":"https:\/\/sport21.com\/manfredi-ravetto\/#breadcrumb"},"inLanguage":"it-IT","potentialAction":[{"@type":"ReadAction","target":["https:\/\/sport21.com\/manfredi-ravetto\/"]}]},{"@type":"BreadcrumbList","@id":"https:\/\/sport21.com\/manfredi-ravetto\/#breadcrumb","itemListElement":[{"@type":"ListItem","position":1,"name":"Home","item":"https:\/\/sport21.com\/it\/"},{"@type":"ListItem","position":2,"name":"Manfredi Ravetto"}]},{"@type":"WebSite","@id":"https:\/\/sport21.com\/#website","url":"https:\/\/sport21.com\/","name":"Sport 21","description":"A motorsport agency designed to support you in winning both on the track and off it","potentialAction":[{"@type":"SearchAction","target":{"@type":"EntryPoint","urlTemplate":"https:\/\/sport21.com\/?s={search_term_string}"},"query-input":{"@type":"PropertyValueSpecification","valueRequired":true,"valueName":"search_term_string"}}],"inLanguage":"it-IT"}]}},"_links":{"self":[{"href":"https:\/\/sport21.com\/it\/wp-json\/wp\/v2\/pages\/2967","targetHints":{"allow":["GET"]}}],"collection":[{"href":"https:\/\/sport21.com\/it\/wp-json\/wp\/v2\/pages"}],"about":[{"href":"https:\/\/sport21.com\/it\/wp-json\/wp\/v2\/types\/page"}],"author":[{"embeddable":true,"href":"https:\/\/sport21.com\/it\/wp-json\/wp\/v2\/users\/2"}],"replies":[{"embeddable":true,"href":"https:\/\/sport21.com\/it\/wp-json\/wp\/v2\/comments?post=2967"}],"version-history":[{"count":0,"href":"https:\/\/sport21.com\/it\/wp-json\/wp\/v2\/pages\/2967\/revisions"}],"wp:attachment":[{"href":"https:\/\/sport21.com\/it\/wp-json\/wp\/v2\/media?parent=2967"}],"curies":[{"name":"wp","href":"https:\/\/api.w.org\/{rel}","templated":true}]}}