{"id":1257,"date":"2021-04-28T20:36:38","date_gmt":"2021-04-28T19:36:38","guid":{"rendered":"https:\/\/sport21.com\/sponsorizzazione\/"},"modified":"2021-04-28T20:36:38","modified_gmt":"2021-04-28T19:36:38","slug":"sponsorizzazione","status":"publish","type":"page","link":"https:\/\/sport21.com\/it\/sponsorizzazione\/","title":{"rendered":"Sponsorizzazione"},"content":{"rendered":"<p>In Sport 21 il nostro obiettivo principale \u00e8 garantire che i nostri partner e clienti di sponsorizzazione stiano massimizzando il loro potenziale sia dal punto di vista sportivo che finanziario<\/p>\n<p>Lavoriamo non solo con il nostro ampio database di team e piloti, ma utilizziamo una rete pi\u00f9 ampia per identificare le giuste opportunit\u00e0 per quelle aziende che vogliono promuovere il loro marchio attraverso il motorsport. La comprensione da parte dei nostri team sia dello sport motoristico che del marketing ci offre la prospettiva unica di garantire le partnership create tra un marchio e la sua risorsa (una squadra o un pilota sono reciprocamente vantaggiosi.<\/p>\n<p>Le opportunit\u00e0 di sponsorizzazione non si esauriscono nella fase di branding, lavoriamo anche con i clienti per fornire situazioni pi\u00f9 coinvolgenti come giornate in pista e ospitalit\u00e0 in occasione di eventi di gara.<\/p>\n<p>&nbsp;<\/p>\n","protected":false},"excerpt":{"rendered":"<p>In Sport 21 il nostro obiettivo principale \u00e8 garantire che&#8230; <a class=\"view-article\" href=\"https:\/\/sport21.com\/it\/sponsorizzazione\/\">Read more<\/a><\/p>\n","protected":false},"author":7,"featured_media":0,"parent":0,"menu_order":2,"comment_status":"closed","ping_status":"closed","template":"","meta":{"_acf_changed":false,"footnotes":""},"class_list":["post-1257","page","type-page","status-publish","hentry"],"acf":[],"yoast_head":"<!-- This site is optimized with the Yoast SEO plugin v27.5 - https:\/\/yoast.com\/product\/yoast-seo-wordpress\/ -->\n<title>Sponsorizzazione - Sport 21<\/title>\n<meta name=\"robots\" content=\"index, follow, max-snippet:-1, max-image-preview:large, max-video-preview:-1\" \/>\n<link rel=\"canonical\" href=\"https:\/\/sport21.com\/it\/sponsorizzazione\/\" \/>\n<meta property=\"og:locale\" content=\"it_IT\" \/>\n<meta property=\"og:type\" content=\"article\" \/>\n<meta property=\"og:title\" content=\"Sponsorizzazione - Sport 21\" \/>\n<meta property=\"og:description\" content=\"In Sport 21 il nostro obiettivo principale \u00e8 garantire che... Read more\" \/>\n<meta property=\"og:url\" content=\"https:\/\/sport21.com\/it\/sponsorizzazione\/\" \/>\n<meta property=\"og:site_name\" content=\"Sport 21\" \/>\n<meta name=\"twitter:card\" content=\"summary_large_image\" \/>\n<meta name=\"twitter:label1\" content=\"Est. reading time\" \/>\n\t<meta name=\"twitter:data1\" content=\"1 minute\" \/>\n<script type=\"application\/ld+json\" class=\"yoast-schema-graph\">{\"@context\":\"https:\\\/\\\/schema.org\",\"@graph\":[{\"@type\":\"WebPage\",\"@id\":\"https:\\\/\\\/sport21.com\\\/it\\\/sponsorizzazione\\\/\",\"url\":\"https:\\\/\\\/sport21.com\\\/it\\\/sponsorizzazione\\\/\",\"name\":\"Sponsorizzazione - Sport 21\",\"isPartOf\":{\"@id\":\"https:\\\/\\\/sport21.com\\\/#website\"},\"datePublished\":\"2021-04-28T19:36:38+00:00\",\"breadcrumb\":{\"@id\":\"https:\\\/\\\/sport21.com\\\/it\\\/sponsorizzazione\\\/#breadcrumb\"},\"inLanguage\":\"it-IT\",\"potentialAction\":[{\"@type\":\"ReadAction\",\"target\":[\"https:\\\/\\\/sport21.com\\\/it\\\/sponsorizzazione\\\/\"]}]},{\"@type\":\"BreadcrumbList\",\"@id\":\"https:\\\/\\\/sport21.com\\\/it\\\/sponsorizzazione\\\/#breadcrumb\",\"itemListElement\":[{\"@type\":\"ListItem\",\"position\":1,\"name\":\"Home\",\"item\":\"https:\\\/\\\/sport21.com\\\/it\\\/\"},{\"@type\":\"ListItem\",\"position\":2,\"name\":\"Sponsorizzazione\"}]},{\"@type\":\"WebSite\",\"@id\":\"https:\\\/\\\/sport21.com\\\/#website\",\"url\":\"https:\\\/\\\/sport21.com\\\/\",\"name\":\"Sport 21\",\"description\":\"A motorsport agency designed to support you in winning both on the track and off it\",\"potentialAction\":[{\"@type\":\"SearchAction\",\"target\":{\"@type\":\"EntryPoint\",\"urlTemplate\":\"https:\\\/\\\/sport21.com\\\/?s={search_term_string}\"},\"query-input\":{\"@type\":\"PropertyValueSpecification\",\"valueRequired\":true,\"valueName\":\"search_term_string\"}}],\"inLanguage\":\"it-IT\"}]}<\/script>\n<!-- \/ Yoast SEO plugin. -->","yoast_head_json":{"title":"Sponsorizzazione - Sport 21","robots":{"index":"index","follow":"follow","max-snippet":"max-snippet:-1","max-image-preview":"max-image-preview:large","max-video-preview":"max-video-preview:-1"},"canonical":"https:\/\/sport21.com\/it\/sponsorizzazione\/","og_locale":"it_IT","og_type":"article","og_title":"Sponsorizzazione - Sport 21","og_description":"In Sport 21 il nostro obiettivo principale \u00e8 garantire che... Read more","og_url":"https:\/\/sport21.com\/it\/sponsorizzazione\/","og_site_name":"Sport 21","twitter_card":"summary_large_image","twitter_misc":{"Est. reading time":"1 minute"},"schema":{"@context":"https:\/\/schema.org","@graph":[{"@type":"WebPage","@id":"https:\/\/sport21.com\/it\/sponsorizzazione\/","url":"https:\/\/sport21.com\/it\/sponsorizzazione\/","name":"Sponsorizzazione - Sport 21","isPartOf":{"@id":"https:\/\/sport21.com\/#website"},"datePublished":"2021-04-28T19:36:38+00:00","breadcrumb":{"@id":"https:\/\/sport21.com\/it\/sponsorizzazione\/#breadcrumb"},"inLanguage":"it-IT","potentialAction":[{"@type":"ReadAction","target":["https:\/\/sport21.com\/it\/sponsorizzazione\/"]}]},{"@type":"BreadcrumbList","@id":"https:\/\/sport21.com\/it\/sponsorizzazione\/#breadcrumb","itemListElement":[{"@type":"ListItem","position":1,"name":"Home","item":"https:\/\/sport21.com\/it\/"},{"@type":"ListItem","position":2,"name":"Sponsorizzazione"}]},{"@type":"WebSite","@id":"https:\/\/sport21.com\/#website","url":"https:\/\/sport21.com\/","name":"Sport 21","description":"A motorsport agency designed to support you in winning both on the track and off it","potentialAction":[{"@type":"SearchAction","target":{"@type":"EntryPoint","urlTemplate":"https:\/\/sport21.com\/?s={search_term_string}"},"query-input":{"@type":"PropertyValueSpecification","valueRequired":true,"valueName":"search_term_string"}}],"inLanguage":"it-IT"}]}},"_links":{"self":[{"href":"https:\/\/sport21.com\/it\/wp-json\/wp\/v2\/pages\/1257","targetHints":{"allow":["GET"]}}],"collection":[{"href":"https:\/\/sport21.com\/it\/wp-json\/wp\/v2\/pages"}],"about":[{"href":"https:\/\/sport21.com\/it\/wp-json\/wp\/v2\/types\/page"}],"author":[{"embeddable":true,"href":"https:\/\/sport21.com\/it\/wp-json\/wp\/v2\/users\/7"}],"replies":[{"embeddable":true,"href":"https:\/\/sport21.com\/it\/wp-json\/wp\/v2\/comments?post=1257"}],"version-history":[{"count":0,"href":"https:\/\/sport21.com\/it\/wp-json\/wp\/v2\/pages\/1257\/revisions"}],"wp:attachment":[{"href":"https:\/\/sport21.com\/it\/wp-json\/wp\/v2\/media?parent=1257"}],"curies":[{"name":"wp","href":"https:\/\/api.w.org\/{rel}","templated":true}]}}