{"id":1419,"date":"2021-04-29T11:53:28","date_gmt":"2021-04-29T10:53:28","guid":{"rendered":"https:\/\/sport21.com\/creer-des-opportunites-parfaites\/"},"modified":"2021-04-29T11:55:50","modified_gmt":"2021-04-29T10:55:50","slug":"creer-des-opportunites-parfaites","status":"publish","type":"page","link":"https:\/\/sport21.com\/fr\/creer-des-opportunites-parfaites\/","title":{"rendered":"CR\u00c9ER DES OPPORTUNIT\u00c9S PARFAITES"},"content":{"rendered":"<h2 class=\"with-line\">Chez Sport 21, notre objectif principal est de nous assurer que nos partenaires et clients maximisent leur potentiel \u00e0 la fois d&#8217;un point de vue sportif et d&#8217;une exp\u00e9rience client.<\/h2>\n","protected":false},"excerpt":{"rendered":"<p>Chez Sport 21, notre objectif principal est de nous assurer&#8230; <a class=\"view-article\" href=\"https:\/\/sport21.com\/fr\/creer-des-opportunites-parfaites\/\">Read more<\/a><\/p>\n","protected":false},"author":7,"featured_media":0,"parent":0,"menu_order":1,"comment_status":"closed","ping_status":"closed","template":"","meta":{"_acf_changed":false,"footnotes":""},"class_list":["post-1419","page","type-page","status-publish","hentry"],"acf":[],"yoast_head":"<!-- This site is optimized with the Yoast SEO plugin v27.5 - https:\/\/yoast.com\/product\/yoast-seo-wordpress\/ -->\n<title>Ce que nous faisons - Pilotes et \u00e9quipes de course | Sport 21<\/title>\n<meta name=\"description\" content=\"D\u00e9couvrez ce que nous faisons ici \u00e0 Sport 21 pour les pilotes de course, les \u00e9quipes et plus encore en cr\u00e9ant des plates-formes que nous consid\u00e9rons comme des opportunit\u00e9s de succ\u00e8s.\" \/>\n<meta name=\"robots\" content=\"index, follow, max-snippet:-1, max-image-preview:large, max-video-preview:-1\" \/>\n<link rel=\"canonical\" href=\"https:\/\/sport21.com\/fr\/creer-des-opportunites-parfaites\/\" \/>\n<meta property=\"og:locale\" content=\"fr_FR\" \/>\n<meta property=\"og:type\" content=\"article\" \/>\n<meta property=\"og:title\" content=\"Ce que nous faisons - Pilotes et \u00e9quipes de course | Sport 21\" \/>\n<meta property=\"og:description\" content=\"D\u00e9couvrez ce que nous faisons ici \u00e0 Sport 21 pour les pilotes de course, les \u00e9quipes et plus encore en cr\u00e9ant des plates-formes que nous consid\u00e9rons comme des opportunit\u00e9s de succ\u00e8s.\" \/>\n<meta property=\"og:url\" content=\"https:\/\/sport21.com\/fr\/creer-des-opportunites-parfaites\/\" \/>\n<meta property=\"og:site_name\" content=\"Sport 21\" \/>\n<meta property=\"article:modified_time\" content=\"2021-04-29T10:55:50+00:00\" \/>\n<meta name=\"twitter:card\" content=\"summary_large_image\" \/>\n<script type=\"application\/ld+json\" class=\"yoast-schema-graph\">{\"@context\":\"https:\\\/\\\/schema.org\",\"@graph\":[{\"@type\":\"WebPage\",\"@id\":\"https:\\\/\\\/sport21.com\\\/fr\\\/creer-des-opportunites-parfaites\\\/\",\"url\":\"https:\\\/\\\/sport21.com\\\/fr\\\/creer-des-opportunites-parfaites\\\/\",\"name\":\"Ce que nous faisons - Pilotes et \u00e9quipes de course | Sport 21\",\"isPartOf\":{\"@id\":\"https:\\\/\\\/sport21.com\\\/#website\"},\"datePublished\":\"2021-04-29T10:53:28+00:00\",\"dateModified\":\"2021-04-29T10:55:50+00:00\",\"description\":\"D\u00e9couvrez ce que nous faisons ici \u00e0 Sport 21 pour les pilotes de course, les \u00e9quipes et plus encore en cr\u00e9ant des plates-formes que nous consid\u00e9rons comme des opportunit\u00e9s de succ\u00e8s.\",\"breadcrumb\":{\"@id\":\"https:\\\/\\\/sport21.com\\\/fr\\\/creer-des-opportunites-parfaites\\\/#breadcrumb\"},\"inLanguage\":\"fr-FR\",\"potentialAction\":[{\"@type\":\"ReadAction\",\"target\":[\"https:\\\/\\\/sport21.com\\\/fr\\\/creer-des-opportunites-parfaites\\\/\"]}]},{\"@type\":\"BreadcrumbList\",\"@id\":\"https:\\\/\\\/sport21.com\\\/fr\\\/creer-des-opportunites-parfaites\\\/#breadcrumb\",\"itemListElement\":[{\"@type\":\"ListItem\",\"position\":1,\"name\":\"Home\",\"item\":\"https:\\\/\\\/sport21.com\\\/fr\\\/\"},{\"@type\":\"ListItem\",\"position\":2,\"name\":\"CR\u00c9ER DES OPPORTUNIT\u00c9S PARFAITES\"}]},{\"@type\":\"WebSite\",\"@id\":\"https:\\\/\\\/sport21.com\\\/#website\",\"url\":\"https:\\\/\\\/sport21.com\\\/\",\"name\":\"Sport 21\",\"description\":\"A motorsport agency designed to support you in winning both on the track and off it\",\"potentialAction\":[{\"@type\":\"SearchAction\",\"target\":{\"@type\":\"EntryPoint\",\"urlTemplate\":\"https:\\\/\\\/sport21.com\\\/?s={search_term_string}\"},\"query-input\":{\"@type\":\"PropertyValueSpecification\",\"valueRequired\":true,\"valueName\":\"search_term_string\"}}],\"inLanguage\":\"fr-FR\"}]}<\/script>\n<!-- \/ Yoast SEO plugin. -->","yoast_head_json":{"title":"Ce que nous faisons - Pilotes et \u00e9quipes de course | Sport 21","description":"D\u00e9couvrez ce que nous faisons ici \u00e0 Sport 21 pour les pilotes de course, les \u00e9quipes et plus encore en cr\u00e9ant des plates-formes que nous consid\u00e9rons comme des opportunit\u00e9s de succ\u00e8s.","robots":{"index":"index","follow":"follow","max-snippet":"max-snippet:-1","max-image-preview":"max-image-preview:large","max-video-preview":"max-video-preview:-1"},"canonical":"https:\/\/sport21.com\/fr\/creer-des-opportunites-parfaites\/","og_locale":"fr_FR","og_type":"article","og_title":"Ce que nous faisons - Pilotes et \u00e9quipes de course | Sport 21","og_description":"D\u00e9couvrez ce que nous faisons ici \u00e0 Sport 21 pour les pilotes de course, les \u00e9quipes et plus encore en cr\u00e9ant des plates-formes que nous consid\u00e9rons comme des opportunit\u00e9s de succ\u00e8s.","og_url":"https:\/\/sport21.com\/fr\/creer-des-opportunites-parfaites\/","og_site_name":"Sport 21","article_modified_time":"2021-04-29T10:55:50+00:00","twitter_card":"summary_large_image","schema":{"@context":"https:\/\/schema.org","@graph":[{"@type":"WebPage","@id":"https:\/\/sport21.com\/fr\/creer-des-opportunites-parfaites\/","url":"https:\/\/sport21.com\/fr\/creer-des-opportunites-parfaites\/","name":"Ce que nous faisons - Pilotes et \u00e9quipes de course | Sport 21","isPartOf":{"@id":"https:\/\/sport21.com\/#website"},"datePublished":"2021-04-29T10:53:28+00:00","dateModified":"2021-04-29T10:55:50+00:00","description":"D\u00e9couvrez ce que nous faisons ici \u00e0 Sport 21 pour les pilotes de course, les \u00e9quipes et plus encore en cr\u00e9ant des plates-formes que nous consid\u00e9rons comme des opportunit\u00e9s de succ\u00e8s.","breadcrumb":{"@id":"https:\/\/sport21.com\/fr\/creer-des-opportunites-parfaites\/#breadcrumb"},"inLanguage":"fr-FR","potentialAction":[{"@type":"ReadAction","target":["https:\/\/sport21.com\/fr\/creer-des-opportunites-parfaites\/"]}]},{"@type":"BreadcrumbList","@id":"https:\/\/sport21.com\/fr\/creer-des-opportunites-parfaites\/#breadcrumb","itemListElement":[{"@type":"ListItem","position":1,"name":"Home","item":"https:\/\/sport21.com\/fr\/"},{"@type":"ListItem","position":2,"name":"CR\u00c9ER DES OPPORTUNIT\u00c9S PARFAITES"}]},{"@type":"WebSite","@id":"https:\/\/sport21.com\/#website","url":"https:\/\/sport21.com\/","name":"Sport 21","description":"A motorsport agency designed to support you in winning both on the track and off it","potentialAction":[{"@type":"SearchAction","target":{"@type":"EntryPoint","urlTemplate":"https:\/\/sport21.com\/?s={search_term_string}"},"query-input":{"@type":"PropertyValueSpecification","valueRequired":true,"valueName":"search_term_string"}}],"inLanguage":"fr-FR"}]}},"_links":{"self":[{"href":"https:\/\/sport21.com\/fr\/wp-json\/wp\/v2\/pages\/1419","targetHints":{"allow":["GET"]}}],"collection":[{"href":"https:\/\/sport21.com\/fr\/wp-json\/wp\/v2\/pages"}],"about":[{"href":"https:\/\/sport21.com\/fr\/wp-json\/wp\/v2\/types\/page"}],"author":[{"embeddable":true,"href":"https:\/\/sport21.com\/fr\/wp-json\/wp\/v2\/users\/7"}],"replies":[{"embeddable":true,"href":"https:\/\/sport21.com\/fr\/wp-json\/wp\/v2\/comments?post=1419"}],"version-history":[{"count":1,"href":"https:\/\/sport21.com\/fr\/wp-json\/wp\/v2\/pages\/1419\/revisions"}],"predecessor-version":[{"id":1606,"href":"https:\/\/sport21.com\/fr\/wp-json\/wp\/v2\/pages\/1419\/revisions\/1606"}],"wp:attachment":[{"href":"https:\/\/sport21.com\/fr\/wp-json\/wp\/v2\/media?parent=1419"}],"curies":[{"name":"wp","href":"https:\/\/api.w.org\/{rel}","templated":true}]}}