{"id":1356,"date":"2021-04-28T20:36:45","date_gmt":"2021-04-28T19:36:45","guid":{"rendered":"https:\/\/sport21.com\/entrer-en-contact\/"},"modified":"2021-04-28T20:36:45","modified_gmt":"2021-04-28T19:36:45","slug":"entrer-en-contact","status":"publish","type":"page","link":"https:\/\/sport21.com\/fr\/entrer-en-contact\/","title":{"rendered":"Entrer en contact"},"content":{"rendered":"<p>Nous aidons nos clients \u00e0 obtenir les meilleures opportunit\u00e9s de course. Des opportunit\u00e9s de conduite et de course qui ont cr\u00e9\u00e9 l&#8217;id\u00e9al<a href=\"https:\/\/sport21.com\/wp\/what-we-do\/\" target=\"_blank\" rel=\"noopener noreferrer\"> plates-formes de succ\u00e8s<\/a> .<br \/>\nVeuillez remplir le formulaire ci-dessous ou nous contacter via nos coordonn\u00e9es ci-dessous.<\/p>\n<p>Duba\u00ef +971505594005<br \/>\nLondres +44 20 7193 7352<br \/>\nNew York +1 (212) 863 9932<br \/>\n<a href=\"mailto:info@sport21.com\">info@sport21.com<\/a><\/p>\n<p>Si\u00e8ge social<br \/>\n75, rue Kenton<br \/>\nLondres WC1N 1NN<br \/>\nRoyaume-Uni<\/p>\n","protected":false},"excerpt":{"rendered":"<p>Nous aidons nos clients \u00e0 obtenir les meilleures opportunit\u00e9s de&#8230; <a class=\"view-article\" href=\"https:\/\/sport21.com\/fr\/entrer-en-contact\/\">Read more<\/a><\/p>\n","protected":false},"author":7,"featured_media":0,"parent":0,"menu_order":5,"comment_status":"closed","ping_status":"closed","template":"","meta":{"_acf_changed":false,"footnotes":""},"class_list":["post-1356","page","type-page","status-publish","hentry"],"acf":[],"yoast_head":"<!-- This site is optimized with the Yoast SEO plugin v27.5 - https:\/\/yoast.com\/product\/yoast-seo-wordpress\/ -->\n<title>Opportunit\u00e9s de course - Contactez-nous | Sport 21<\/title>\n<meta name=\"description\" content=\"Contactez-nous ici \u00e0 Sport 21 pour d\u00e9couvrir les opportunit\u00e9s de conduite et de course qui peuvent s&#039;offrir \u00e0 vous en tant que plate-forme de r\u00e9ussite.\" \/>\n<meta name=\"robots\" content=\"index, follow, max-snippet:-1, max-image-preview:large, max-video-preview:-1\" \/>\n<link rel=\"canonical\" href=\"https:\/\/sport21.com\/fr\/entrer-en-contact\/\" \/>\n<meta property=\"og:locale\" content=\"fr_FR\" \/>\n<meta property=\"og:type\" content=\"article\" \/>\n<meta property=\"og:title\" content=\"Opportunit\u00e9s de course - Contactez-nous | Sport 21\" \/>\n<meta property=\"og:description\" content=\"Contactez-nous ici \u00e0 Sport 21 pour d\u00e9couvrir les opportunit\u00e9s de conduite et de course qui peuvent s&#039;offrir \u00e0 vous en tant que plate-forme de r\u00e9ussite.\" \/>\n<meta property=\"og:url\" content=\"https:\/\/sport21.com\/fr\/entrer-en-contact\/\" \/>\n<meta property=\"og:site_name\" content=\"Sport 21\" \/>\n<meta name=\"twitter:card\" content=\"summary_large_image\" \/>\n<script type=\"application\/ld+json\" class=\"yoast-schema-graph\">{\"@context\":\"https:\\\/\\\/schema.org\",\"@graph\":[{\"@type\":\"WebPage\",\"@id\":\"https:\\\/\\\/sport21.com\\\/fr\\\/entrer-en-contact\\\/\",\"url\":\"https:\\\/\\\/sport21.com\\\/fr\\\/entrer-en-contact\\\/\",\"name\":\"Opportunit\u00e9s de course - Contactez-nous | Sport 21\",\"isPartOf\":{\"@id\":\"https:\\\/\\\/sport21.com\\\/#website\"},\"datePublished\":\"2021-04-28T19:36:45+00:00\",\"description\":\"Contactez-nous ici \u00e0 Sport 21 pour d\u00e9couvrir les opportunit\u00e9s de conduite et de course qui peuvent s'offrir \u00e0 vous en tant que plate-forme de r\u00e9ussite.\",\"breadcrumb\":{\"@id\":\"https:\\\/\\\/sport21.com\\\/fr\\\/entrer-en-contact\\\/#breadcrumb\"},\"inLanguage\":\"fr-FR\",\"potentialAction\":[{\"@type\":\"ReadAction\",\"target\":[\"https:\\\/\\\/sport21.com\\\/fr\\\/entrer-en-contact\\\/\"]}]},{\"@type\":\"BreadcrumbList\",\"@id\":\"https:\\\/\\\/sport21.com\\\/fr\\\/entrer-en-contact\\\/#breadcrumb\",\"itemListElement\":[{\"@type\":\"ListItem\",\"position\":1,\"name\":\"Home\",\"item\":\"https:\\\/\\\/sport21.com\\\/fr\\\/\"},{\"@type\":\"ListItem\",\"position\":2,\"name\":\"Entrer en contact\"}]},{\"@type\":\"WebSite\",\"@id\":\"https:\\\/\\\/sport21.com\\\/#website\",\"url\":\"https:\\\/\\\/sport21.com\\\/\",\"name\":\"Sport 21\",\"description\":\"A motorsport agency designed to support you in winning both on the track and off it\",\"potentialAction\":[{\"@type\":\"SearchAction\",\"target\":{\"@type\":\"EntryPoint\",\"urlTemplate\":\"https:\\\/\\\/sport21.com\\\/?s={search_term_string}\"},\"query-input\":{\"@type\":\"PropertyValueSpecification\",\"valueRequired\":true,\"valueName\":\"search_term_string\"}}],\"inLanguage\":\"fr-FR\"}]}<\/script>\n<!-- \/ Yoast SEO plugin. -->","yoast_head_json":{"title":"Opportunit\u00e9s de course - Contactez-nous | Sport 21","description":"Contactez-nous ici \u00e0 Sport 21 pour d\u00e9couvrir les opportunit\u00e9s de conduite et de course qui peuvent s'offrir \u00e0 vous en tant que plate-forme de r\u00e9ussite.","robots":{"index":"index","follow":"follow","max-snippet":"max-snippet:-1","max-image-preview":"max-image-preview:large","max-video-preview":"max-video-preview:-1"},"canonical":"https:\/\/sport21.com\/fr\/entrer-en-contact\/","og_locale":"fr_FR","og_type":"article","og_title":"Opportunit\u00e9s de course - Contactez-nous | Sport 21","og_description":"Contactez-nous ici \u00e0 Sport 21 pour d\u00e9couvrir les opportunit\u00e9s de conduite et de course qui peuvent s'offrir \u00e0 vous en tant que plate-forme de r\u00e9ussite.","og_url":"https:\/\/sport21.com\/fr\/entrer-en-contact\/","og_site_name":"Sport 21","twitter_card":"summary_large_image","schema":{"@context":"https:\/\/schema.org","@graph":[{"@type":"WebPage","@id":"https:\/\/sport21.com\/fr\/entrer-en-contact\/","url":"https:\/\/sport21.com\/fr\/entrer-en-contact\/","name":"Opportunit\u00e9s de course - Contactez-nous | Sport 21","isPartOf":{"@id":"https:\/\/sport21.com\/#website"},"datePublished":"2021-04-28T19:36:45+00:00","description":"Contactez-nous ici \u00e0 Sport 21 pour d\u00e9couvrir les opportunit\u00e9s de conduite et de course qui peuvent s'offrir \u00e0 vous en tant que plate-forme de r\u00e9ussite.","breadcrumb":{"@id":"https:\/\/sport21.com\/fr\/entrer-en-contact\/#breadcrumb"},"inLanguage":"fr-FR","potentialAction":[{"@type":"ReadAction","target":["https:\/\/sport21.com\/fr\/entrer-en-contact\/"]}]},{"@type":"BreadcrumbList","@id":"https:\/\/sport21.com\/fr\/entrer-en-contact\/#breadcrumb","itemListElement":[{"@type":"ListItem","position":1,"name":"Home","item":"https:\/\/sport21.com\/fr\/"},{"@type":"ListItem","position":2,"name":"Entrer en contact"}]},{"@type":"WebSite","@id":"https:\/\/sport21.com\/#website","url":"https:\/\/sport21.com\/","name":"Sport 21","description":"A motorsport agency designed to support you in winning both on the track and off it","potentialAction":[{"@type":"SearchAction","target":{"@type":"EntryPoint","urlTemplate":"https:\/\/sport21.com\/?s={search_term_string}"},"query-input":{"@type":"PropertyValueSpecification","valueRequired":true,"valueName":"search_term_string"}}],"inLanguage":"fr-FR"}]}},"_links":{"self":[{"href":"https:\/\/sport21.com\/fr\/wp-json\/wp\/v2\/pages\/1356","targetHints":{"allow":["GET"]}}],"collection":[{"href":"https:\/\/sport21.com\/fr\/wp-json\/wp\/v2\/pages"}],"about":[{"href":"https:\/\/sport21.com\/fr\/wp-json\/wp\/v2\/types\/page"}],"author":[{"embeddable":true,"href":"https:\/\/sport21.com\/fr\/wp-json\/wp\/v2\/users\/7"}],"replies":[{"embeddable":true,"href":"https:\/\/sport21.com\/fr\/wp-json\/wp\/v2\/comments?post=1356"}],"version-history":[{"count":0,"href":"https:\/\/sport21.com\/fr\/wp-json\/wp\/v2\/pages\/1356\/revisions"}],"wp:attachment":[{"href":"https:\/\/sport21.com\/fr\/wp-json\/wp\/v2\/media?parent=1356"}],"curies":[{"name":"wp","href":"https:\/\/api.w.org\/{rel}","templated":true}]}}