{"id":1260,"date":"2021-04-28T20:36:38","date_gmt":"2021-04-28T19:36:38","guid":{"rendered":"https:\/\/sport21.com\/nos-fondateurs\/"},"modified":"2021-04-28T20:36:38","modified_gmt":"2021-04-28T19:36:38","slug":"nos-fondateurs","status":"publish","type":"page","link":"https:\/\/sport21.com\/fr\/nos-fondateurs\/","title":{"rendered":"Nos fondateurs"},"content":{"rendered":"<p>Rencontrez les fondateurs, consultants et partenaires de Sport 21 qui mobilisent ensemble leurs efforts pour conclure des accords et des situations gagnant-gagnant et<a href=\"https:\/\/sport21.com\/wp\/what-we-do\/\" target=\"_blank\" rel=\"noopener noreferrer\"> plateformes de succ\u00e8s<\/a> pour les pilotes, les \u00e9quipes et l&#8217;industrie en g\u00e9n\u00e9ral. Les fondateurs de Sport 21 et l&#8217;\u00e9quipe dans l&#8217;ensemble consid\u00e8rent ces opportunit\u00e9s comme l&#8217;ordre naturel des choses lorsque les bons talents et les bonnes \u00e9quipes sont connect\u00e9s de la bonne mani\u00e8re. D\u00e9couvrez ci-dessous les principaux acteurs de ce processus.<\/p>\n<p>&nbsp;<\/p>\n","protected":false},"excerpt":{"rendered":"<p>Rencontrez les fondateurs, consultants et partenaires de Sport 21 qui&#8230; <a class=\"view-article\" href=\"https:\/\/sport21.com\/fr\/nos-fondateurs\/\">Read more<\/a><\/p>\n","protected":false},"author":7,"featured_media":0,"parent":0,"menu_order":3,"comment_status":"closed","ping_status":"closed","template":"","meta":{"_acf_changed":false,"footnotes":""},"class_list":["post-1260","page","type-page","status-publish","hentry"],"acf":[],"yoast_head":"<!-- This site is optimized with the Yoast SEO plugin v27.5 - https:\/\/yoast.com\/product\/yoast-seo-wordpress\/ -->\n<title>Fondateurs de Sport 21 | Agence de conseil en sport automobile<\/title>\n<meta name=\"description\" content=\"Rencontrez les fondateurs de Sport 21 ici - ainsi que les consultants et partenaires qui travaillent ensemble pour rendre ce que nous faisons possible et un gagnant-gagnant pour toutes les parties impliqu\u00e9es.\" \/>\n<meta name=\"robots\" content=\"index, follow, max-snippet:-1, max-image-preview:large, max-video-preview:-1\" \/>\n<link rel=\"canonical\" href=\"https:\/\/sport21.com\/fr\/nos-fondateurs\/\" \/>\n<meta property=\"og:locale\" content=\"fr_FR\" \/>\n<meta property=\"og:type\" content=\"article\" \/>\n<meta property=\"og:title\" content=\"Fondateurs de Sport 21 | Agence de conseil en sport automobile\" \/>\n<meta property=\"og:description\" content=\"Rencontrez les fondateurs de Sport 21 ici - ainsi que les consultants et partenaires qui travaillent ensemble pour rendre ce que nous faisons possible et un gagnant-gagnant pour toutes les parties impliqu\u00e9es.\" \/>\n<meta property=\"og:url\" content=\"https:\/\/sport21.com\/fr\/nos-fondateurs\/\" \/>\n<meta property=\"og:site_name\" content=\"Sport 21\" \/>\n<meta name=\"twitter:card\" content=\"summary_large_image\" \/>\n<script type=\"application\/ld+json\" class=\"yoast-schema-graph\">{\"@context\":\"https:\\\/\\\/schema.org\",\"@graph\":[{\"@type\":\"WebPage\",\"@id\":\"https:\\\/\\\/sport21.com\\\/fr\\\/nos-fondateurs\\\/\",\"url\":\"https:\\\/\\\/sport21.com\\\/fr\\\/nos-fondateurs\\\/\",\"name\":\"Fondateurs de Sport 21 | Agence de conseil en sport automobile\",\"isPartOf\":{\"@id\":\"https:\\\/\\\/sport21.com\\\/#website\"},\"datePublished\":\"2021-04-28T19:36:38+00:00\",\"description\":\"Rencontrez les fondateurs de Sport 21 ici - ainsi que les consultants et partenaires qui travaillent ensemble pour rendre ce que nous faisons possible et un gagnant-gagnant pour toutes les parties impliqu\u00e9es.\",\"breadcrumb\":{\"@id\":\"https:\\\/\\\/sport21.com\\\/fr\\\/nos-fondateurs\\\/#breadcrumb\"},\"inLanguage\":\"fr-FR\",\"potentialAction\":[{\"@type\":\"ReadAction\",\"target\":[\"https:\\\/\\\/sport21.com\\\/fr\\\/nos-fondateurs\\\/\"]}]},{\"@type\":\"BreadcrumbList\",\"@id\":\"https:\\\/\\\/sport21.com\\\/fr\\\/nos-fondateurs\\\/#breadcrumb\",\"itemListElement\":[{\"@type\":\"ListItem\",\"position\":1,\"name\":\"Home\",\"item\":\"https:\\\/\\\/sport21.com\\\/fr\\\/\"},{\"@type\":\"ListItem\",\"position\":2,\"name\":\"Nos fondateurs\"}]},{\"@type\":\"WebSite\",\"@id\":\"https:\\\/\\\/sport21.com\\\/#website\",\"url\":\"https:\\\/\\\/sport21.com\\\/\",\"name\":\"Sport 21\",\"description\":\"A motorsport agency designed to support you in winning both on the track and off it\",\"potentialAction\":[{\"@type\":\"SearchAction\",\"target\":{\"@type\":\"EntryPoint\",\"urlTemplate\":\"https:\\\/\\\/sport21.com\\\/?s={search_term_string}\"},\"query-input\":{\"@type\":\"PropertyValueSpecification\",\"valueRequired\":true,\"valueName\":\"search_term_string\"}}],\"inLanguage\":\"fr-FR\"}]}<\/script>\n<!-- \/ Yoast SEO plugin. -->","yoast_head_json":{"title":"Fondateurs de Sport 21 | Agence de conseil en sport automobile","description":"Rencontrez les fondateurs de Sport 21 ici - ainsi que les consultants et partenaires qui travaillent ensemble pour rendre ce que nous faisons possible et un gagnant-gagnant pour toutes les parties impliqu\u00e9es.","robots":{"index":"index","follow":"follow","max-snippet":"max-snippet:-1","max-image-preview":"max-image-preview:large","max-video-preview":"max-video-preview:-1"},"canonical":"https:\/\/sport21.com\/fr\/nos-fondateurs\/","og_locale":"fr_FR","og_type":"article","og_title":"Fondateurs de Sport 21 | Agence de conseil en sport automobile","og_description":"Rencontrez les fondateurs de Sport 21 ici - ainsi que les consultants et partenaires qui travaillent ensemble pour rendre ce que nous faisons possible et un gagnant-gagnant pour toutes les parties impliqu\u00e9es.","og_url":"https:\/\/sport21.com\/fr\/nos-fondateurs\/","og_site_name":"Sport 21","twitter_card":"summary_large_image","schema":{"@context":"https:\/\/schema.org","@graph":[{"@type":"WebPage","@id":"https:\/\/sport21.com\/fr\/nos-fondateurs\/","url":"https:\/\/sport21.com\/fr\/nos-fondateurs\/","name":"Fondateurs de Sport 21 | Agence de conseil en sport automobile","isPartOf":{"@id":"https:\/\/sport21.com\/#website"},"datePublished":"2021-04-28T19:36:38+00:00","description":"Rencontrez les fondateurs de Sport 21 ici - ainsi que les consultants et partenaires qui travaillent ensemble pour rendre ce que nous faisons possible et un gagnant-gagnant pour toutes les parties impliqu\u00e9es.","breadcrumb":{"@id":"https:\/\/sport21.com\/fr\/nos-fondateurs\/#breadcrumb"},"inLanguage":"fr-FR","potentialAction":[{"@type":"ReadAction","target":["https:\/\/sport21.com\/fr\/nos-fondateurs\/"]}]},{"@type":"BreadcrumbList","@id":"https:\/\/sport21.com\/fr\/nos-fondateurs\/#breadcrumb","itemListElement":[{"@type":"ListItem","position":1,"name":"Home","item":"https:\/\/sport21.com\/fr\/"},{"@type":"ListItem","position":2,"name":"Nos fondateurs"}]},{"@type":"WebSite","@id":"https:\/\/sport21.com\/#website","url":"https:\/\/sport21.com\/","name":"Sport 21","description":"A motorsport agency designed to support you in winning both on the track and off it","potentialAction":[{"@type":"SearchAction","target":{"@type":"EntryPoint","urlTemplate":"https:\/\/sport21.com\/?s={search_term_string}"},"query-input":{"@type":"PropertyValueSpecification","valueRequired":true,"valueName":"search_term_string"}}],"inLanguage":"fr-FR"}]}},"_links":{"self":[{"href":"https:\/\/sport21.com\/fr\/wp-json\/wp\/v2\/pages\/1260","targetHints":{"allow":["GET"]}}],"collection":[{"href":"https:\/\/sport21.com\/fr\/wp-json\/wp\/v2\/pages"}],"about":[{"href":"https:\/\/sport21.com\/fr\/wp-json\/wp\/v2\/types\/page"}],"author":[{"embeddable":true,"href":"https:\/\/sport21.com\/fr\/wp-json\/wp\/v2\/users\/7"}],"replies":[{"embeddable":true,"href":"https:\/\/sport21.com\/fr\/wp-json\/wp\/v2\/comments?post=1260"}],"version-history":[{"count":0,"href":"https:\/\/sport21.com\/fr\/wp-json\/wp\/v2\/pages\/1260\/revisions"}],"wp:attachment":[{"href":"https:\/\/sport21.com\/fr\/wp-json\/wp\/v2\/media?parent=1260"}],"curies":[{"name":"wp","href":"https:\/\/api.w.org\/{rel}","templated":true}]}}