{"id":1244,"date":"2021-04-28T20:36:38","date_gmt":"2021-04-28T19:36:38","guid":{"rendered":"https:\/\/sport21.com\/parrainage\/"},"modified":"2021-04-28T20:36:38","modified_gmt":"2021-04-28T19:36:38","slug":"parrainage","status":"publish","type":"page","link":"https:\/\/sport21.com\/fr\/parrainage\/","title":{"rendered":"Parrainage"},"content":{"rendered":"<p>Chez Sport 21, notre objectif principal est de nous assurer que nos partenaires de parrainage et nos clients maximisent leur potentiel \u00e0 la fois d&#8217;un point de vue sportif et financier.<\/p>\n<p>Nous travaillons non seulement avec notre vaste base de donn\u00e9es d&#8217;\u00e9quipes et de pilotes, mais utilisons un r\u00e9seau plus large pour identifier les bonnes opportunit\u00e9s pour les entreprises qui souhaitent promouvoir leur marque \u00e0 travers le sport automobile. La compr\u00e9hension de nos \u00e9quipes \u00e0 la fois du sport automobile et du marketing nous offre la perspective unique d&#8217;assurer les partenariats cr\u00e9\u00e9s entre une marque et son actif (une \u00e9quipe ou un pilote est mutuellement b\u00e9n\u00e9fique.<\/p>\n<p>Les opportunit\u00e9s de sponsoring ne s&#8217;arr\u00eatent pas \u00e0 la phase de branding, nous travaillons \u00e9galement avec les clients pour offrir des situations plus engag\u00e9es telles que les journ\u00e9es sur piste et l&#8217;hospitalit\u00e9 lors d&#8217;\u00e9v\u00e9nements de course.<\/p>\n<p>&nbsp;<\/p>\n","protected":false},"excerpt":{"rendered":"<p>Chez Sport 21, notre objectif principal est de nous assurer&#8230; <a class=\"view-article\" href=\"https:\/\/sport21.com\/fr\/parrainage\/\">Read more<\/a><\/p>\n","protected":false},"author":7,"featured_media":0,"parent":0,"menu_order":2,"comment_status":"closed","ping_status":"closed","template":"","meta":{"_acf_changed":false,"footnotes":""},"class_list":["post-1244","page","type-page","status-publish","hentry"],"acf":[],"yoast_head":"<!-- This site is optimized with the Yoast SEO plugin v27.5 - https:\/\/yoast.com\/product\/yoast-seo-wordpress\/ -->\n<title>Parrainage - Sport 21<\/title>\n<meta name=\"robots\" content=\"index, follow, max-snippet:-1, max-image-preview:large, max-video-preview:-1\" \/>\n<link rel=\"canonical\" href=\"https:\/\/sport21.com\/fr\/parrainage\/\" \/>\n<meta property=\"og:locale\" content=\"fr_FR\" \/>\n<meta property=\"og:type\" content=\"article\" \/>\n<meta property=\"og:title\" content=\"Parrainage - Sport 21\" \/>\n<meta property=\"og:description\" content=\"Chez Sport 21, notre objectif principal est de nous assurer... Read more\" \/>\n<meta property=\"og:url\" content=\"https:\/\/sport21.com\/fr\/parrainage\/\" \/>\n<meta property=\"og:site_name\" content=\"Sport 21\" \/>\n<meta name=\"twitter:card\" content=\"summary_large_image\" \/>\n<meta name=\"twitter:label1\" content=\"Est. reading time\" \/>\n\t<meta name=\"twitter:data1\" content=\"1 minute\" \/>\n<script type=\"application\/ld+json\" class=\"yoast-schema-graph\">{\"@context\":\"https:\\\/\\\/schema.org\",\"@graph\":[{\"@type\":\"WebPage\",\"@id\":\"https:\\\/\\\/sport21.com\\\/fr\\\/parrainage\\\/\",\"url\":\"https:\\\/\\\/sport21.com\\\/fr\\\/parrainage\\\/\",\"name\":\"Parrainage - Sport 21\",\"isPartOf\":{\"@id\":\"https:\\\/\\\/sport21.com\\\/#website\"},\"datePublished\":\"2021-04-28T19:36:38+00:00\",\"breadcrumb\":{\"@id\":\"https:\\\/\\\/sport21.com\\\/fr\\\/parrainage\\\/#breadcrumb\"},\"inLanguage\":\"fr-FR\",\"potentialAction\":[{\"@type\":\"ReadAction\",\"target\":[\"https:\\\/\\\/sport21.com\\\/fr\\\/parrainage\\\/\"]}]},{\"@type\":\"BreadcrumbList\",\"@id\":\"https:\\\/\\\/sport21.com\\\/fr\\\/parrainage\\\/#breadcrumb\",\"itemListElement\":[{\"@type\":\"ListItem\",\"position\":1,\"name\":\"Home\",\"item\":\"https:\\\/\\\/sport21.com\\\/fr\\\/\"},{\"@type\":\"ListItem\",\"position\":2,\"name\":\"Parrainage\"}]},{\"@type\":\"WebSite\",\"@id\":\"https:\\\/\\\/sport21.com\\\/#website\",\"url\":\"https:\\\/\\\/sport21.com\\\/\",\"name\":\"Sport 21\",\"description\":\"A motorsport agency designed to support you in winning both on the track and off it\",\"potentialAction\":[{\"@type\":\"SearchAction\",\"target\":{\"@type\":\"EntryPoint\",\"urlTemplate\":\"https:\\\/\\\/sport21.com\\\/?s={search_term_string}\"},\"query-input\":{\"@type\":\"PropertyValueSpecification\",\"valueRequired\":true,\"valueName\":\"search_term_string\"}}],\"inLanguage\":\"fr-FR\"}]}<\/script>\n<!-- \/ Yoast SEO plugin. -->","yoast_head_json":{"title":"Parrainage - Sport 21","robots":{"index":"index","follow":"follow","max-snippet":"max-snippet:-1","max-image-preview":"max-image-preview:large","max-video-preview":"max-video-preview:-1"},"canonical":"https:\/\/sport21.com\/fr\/parrainage\/","og_locale":"fr_FR","og_type":"article","og_title":"Parrainage - Sport 21","og_description":"Chez Sport 21, notre objectif principal est de nous assurer... Read more","og_url":"https:\/\/sport21.com\/fr\/parrainage\/","og_site_name":"Sport 21","twitter_card":"summary_large_image","twitter_misc":{"Est. reading time":"1 minute"},"schema":{"@context":"https:\/\/schema.org","@graph":[{"@type":"WebPage","@id":"https:\/\/sport21.com\/fr\/parrainage\/","url":"https:\/\/sport21.com\/fr\/parrainage\/","name":"Parrainage - Sport 21","isPartOf":{"@id":"https:\/\/sport21.com\/#website"},"datePublished":"2021-04-28T19:36:38+00:00","breadcrumb":{"@id":"https:\/\/sport21.com\/fr\/parrainage\/#breadcrumb"},"inLanguage":"fr-FR","potentialAction":[{"@type":"ReadAction","target":["https:\/\/sport21.com\/fr\/parrainage\/"]}]},{"@type":"BreadcrumbList","@id":"https:\/\/sport21.com\/fr\/parrainage\/#breadcrumb","itemListElement":[{"@type":"ListItem","position":1,"name":"Home","item":"https:\/\/sport21.com\/fr\/"},{"@type":"ListItem","position":2,"name":"Parrainage"}]},{"@type":"WebSite","@id":"https:\/\/sport21.com\/#website","url":"https:\/\/sport21.com\/","name":"Sport 21","description":"A motorsport agency designed to support you in winning both on the track and off it","potentialAction":[{"@type":"SearchAction","target":{"@type":"EntryPoint","urlTemplate":"https:\/\/sport21.com\/?s={search_term_string}"},"query-input":{"@type":"PropertyValueSpecification","valueRequired":true,"valueName":"search_term_string"}}],"inLanguage":"fr-FR"}]}},"_links":{"self":[{"href":"https:\/\/sport21.com\/fr\/wp-json\/wp\/v2\/pages\/1244","targetHints":{"allow":["GET"]}}],"collection":[{"href":"https:\/\/sport21.com\/fr\/wp-json\/wp\/v2\/pages"}],"about":[{"href":"https:\/\/sport21.com\/fr\/wp-json\/wp\/v2\/types\/page"}],"author":[{"embeddable":true,"href":"https:\/\/sport21.com\/fr\/wp-json\/wp\/v2\/users\/7"}],"replies":[{"embeddable":true,"href":"https:\/\/sport21.com\/fr\/wp-json\/wp\/v2\/comments?post=1244"}],"version-history":[{"count":0,"href":"https:\/\/sport21.com\/fr\/wp-json\/wp\/v2\/pages\/1244\/revisions"}],"wp:attachment":[{"href":"https:\/\/sport21.com\/fr\/wp-json\/wp\/v2\/media?parent=1244"}],"curies":[{"name":"wp","href":"https:\/\/api.w.org\/{rel}","templated":true}]}}