{"id":1197,"date":"2021-04-28T20:31:14","date_gmt":"2021-04-28T19:31:14","guid":{"rendered":"https:\/\/sport21.com\/partenariats-de-conduite\/"},"modified":"2021-04-29T16:17:09","modified_gmt":"2021-04-29T15:17:09","slug":"partenariats-de-conduite","status":"publish","type":"page","link":"https:\/\/sport21.com\/fr\/","title":{"rendered":"PARTENARIATS DE CONDUITE"},"content":{"rendered":"\r\n<p><strong>Nous sommes Sport 21 &#8211; une agence de sport automobile con\u00e7ue pour vous aider \u00e0 gagner sur la piste et en dehors. <\/strong>Nous travaillons avec les chauffeurs et les \u00e9quipes pour am\u00e9liorer l&#8217;exp\u00e9rience client et vous assurer de maximiser vos opportunit\u00e9s.<\/p>\r\n<p>Nous avons une passion pour le sport automobile et une riche exp\u00e9rience en Formule 1, DTM, WEC, Formule E, British GT, Le Mans, 24h Series et la NLS.<\/p>\r\n<p>Nous aidons nos clients \u00e0 s\u00e9curiser les meilleures opportunit\u00e9s avec des \u00e9quipes de premier plan. Des opportunit\u00e9s qui ont cr\u00e9\u00e9 la plateforme id\u00e9ale pour r\u00e9ussir.<\/p>\r\n<p><strong>Laissez-nous vous montrer comment prendre de l&#8217;avance et garder une longueur d&#8217;avance dans le sport automobile &#8211;<a href=\"https:\/\/sport21.com\/wp\/what-we-do\/\"> allons faire la course<\/a> <\/strong><\/p>\r\n","protected":false},"excerpt":{"rendered":"<p>Nous sommes Sport 21 &#8211; une agence de sport automobile&#8230; <a class=\"view-article\" href=\"https:\/\/sport21.com\/fr\/\">Read more<\/a><\/p>\n","protected":false},"author":7,"featured_media":1209,"parent":0,"menu_order":0,"comment_status":"closed","ping_status":"closed","template":"","meta":{"_acf_changed":false,"footnotes":""},"class_list":["post-1197","page","type-page","status-publish","has-post-thumbnail","hentry"],"acf":[],"yoast_head":"<!-- This site is optimized with the Yoast SEO plugin v27.4 - https:\/\/yoast.com\/product\/yoast-seo-wordpress\/ -->\n<title>Favoriser les partenariats | Agence Sport 21 Motorsport<\/title>\n<meta name=\"description\" content=\"Sport 21 est une agence de sport automobile unique con\u00e7ue pour aider les pilotes et les \u00e9quipes \u00e0 maximiser leurs opportunit\u00e9s et leur succ\u00e8s - sur et hors piste.\" \/>\n<meta name=\"robots\" content=\"index, follow, max-snippet:-1, max-image-preview:large, max-video-preview:-1\" \/>\n<link rel=\"canonical\" href=\"https:\/\/sport21.com\/fr\/\" \/>\n<meta property=\"og:locale\" content=\"fr_FR\" \/>\n<meta property=\"og:type\" content=\"article\" \/>\n<meta property=\"og:title\" content=\"Favoriser les partenariats | Agence Sport 21 Motorsport\" \/>\n<meta property=\"og:description\" content=\"Sport 21 est une agence de sport automobile unique con\u00e7ue pour aider les pilotes et les \u00e9quipes \u00e0 maximiser leurs opportunit\u00e9s et leur succ\u00e8s - sur et hors piste.\" \/>\n<meta property=\"og:url\" content=\"https:\/\/sport21.com\/fr\/\" \/>\n<meta property=\"og:site_name\" content=\"Sport 21\" \/>\n<meta property=\"article:modified_time\" content=\"2021-04-29T15:17:09+00:00\" \/>\n<meta property=\"og:image\" content=\"https:\/\/sport21.com\/wp\/wp-content\/uploads\/2020\/03\/banner-01.jpg\" \/>\n\t<meta property=\"og:image:width\" content=\"1366\" \/>\n\t<meta property=\"og:image:height\" content=\"788\" \/>\n\t<meta property=\"og:image:type\" content=\"image\/jpeg\" \/>\n<meta name=\"twitter:card\" content=\"summary_large_image\" \/>\n<meta name=\"twitter:label1\" content=\"Est. reading time\" \/>\n\t<meta name=\"twitter:data1\" content=\"1 minute\" \/>\n<script type=\"application\/ld+json\" class=\"yoast-schema-graph\">{\"@context\":\"https:\\\/\\\/schema.org\",\"@graph\":[{\"@type\":\"WebPage\",\"@id\":\"https:\\\/\\\/sport21.com\\\/fr\\\/\",\"url\":\"https:\\\/\\\/sport21.com\\\/fr\\\/\",\"name\":\"Favoriser les partenariats | Agence Sport 21 Motorsport\",\"isPartOf\":{\"@id\":\"https:\\\/\\\/sport21.com\\\/#website\"},\"primaryImageOfPage\":{\"@id\":\"https:\\\/\\\/sport21.com\\\/fr\\\/#primaryimage\"},\"image\":{\"@id\":\"https:\\\/\\\/sport21.com\\\/fr\\\/#primaryimage\"},\"thumbnailUrl\":\"https:\\\/\\\/sport21.com\\\/wp\\\/wp-content\\\/uploads\\\/2020\\\/03\\\/banner-01.jpg\",\"datePublished\":\"2021-04-28T19:31:14+00:00\",\"dateModified\":\"2021-04-29T15:17:09+00:00\",\"description\":\"Sport 21 est une agence de sport automobile unique con\u00e7ue pour aider les pilotes et les \u00e9quipes \u00e0 maximiser leurs opportunit\u00e9s et leur succ\u00e8s - sur et hors piste.\",\"breadcrumb\":{\"@id\":\"https:\\\/\\\/sport21.com\\\/fr\\\/#breadcrumb\"},\"inLanguage\":\"fr-FR\",\"potentialAction\":[{\"@type\":\"ReadAction\",\"target\":[\"https:\\\/\\\/sport21.com\\\/fr\\\/\"]}]},{\"@type\":\"ImageObject\",\"inLanguage\":\"fr-FR\",\"@id\":\"https:\\\/\\\/sport21.com\\\/fr\\\/#primaryimage\",\"url\":\"https:\\\/\\\/sport21.com\\\/wp\\\/wp-content\\\/uploads\\\/2020\\\/03\\\/banner-01.jpg\",\"contentUrl\":\"https:\\\/\\\/sport21.com\\\/wp\\\/wp-content\\\/uploads\\\/2020\\\/03\\\/banner-01.jpg\",\"width\":1366,\"height\":788,\"caption\":\"pilotes de course sport 21\"},{\"@type\":\"BreadcrumbList\",\"@id\":\"https:\\\/\\\/sport21.com\\\/fr\\\/#breadcrumb\",\"itemListElement\":[{\"@type\":\"ListItem\",\"position\":1,\"name\":\"Home\",\"item\":\"https:\\\/\\\/sport21.com\\\/fr\\\/\"},{\"@type\":\"ListItem\",\"position\":2,\"name\":\"PARTENARIATS DE CONDUITE\"}]},{\"@type\":\"WebSite\",\"@id\":\"https:\\\/\\\/sport21.com\\\/#website\",\"url\":\"https:\\\/\\\/sport21.com\\\/\",\"name\":\"Sport 21\",\"description\":\"A motorsport agency designed to support you in winning both on the track and off it\",\"potentialAction\":[{\"@type\":\"SearchAction\",\"target\":{\"@type\":\"EntryPoint\",\"urlTemplate\":\"https:\\\/\\\/sport21.com\\\/?s={search_term_string}\"},\"query-input\":{\"@type\":\"PropertyValueSpecification\",\"valueRequired\":true,\"valueName\":\"search_term_string\"}}],\"inLanguage\":\"fr-FR\"}]}<\/script>\n<!-- \/ Yoast SEO plugin. -->","yoast_head_json":{"title":"Favoriser les partenariats | Agence Sport 21 Motorsport","description":"Sport 21 est une agence de sport automobile unique con\u00e7ue pour aider les pilotes et les \u00e9quipes \u00e0 maximiser leurs opportunit\u00e9s et leur succ\u00e8s - sur et hors piste.","robots":{"index":"index","follow":"follow","max-snippet":"max-snippet:-1","max-image-preview":"max-image-preview:large","max-video-preview":"max-video-preview:-1"},"canonical":"https:\/\/sport21.com\/fr\/","og_locale":"fr_FR","og_type":"article","og_title":"Favoriser les partenariats | Agence Sport 21 Motorsport","og_description":"Sport 21 est une agence de sport automobile unique con\u00e7ue pour aider les pilotes et les \u00e9quipes \u00e0 maximiser leurs opportunit\u00e9s et leur succ\u00e8s - sur et hors piste.","og_url":"https:\/\/sport21.com\/fr\/","og_site_name":"Sport 21","article_modified_time":"2021-04-29T15:17:09+00:00","og_image":[{"width":1366,"height":788,"url":"https:\/\/sport21.com\/wp\/wp-content\/uploads\/2020\/03\/banner-01.jpg","type":"image\/jpeg"}],"twitter_card":"summary_large_image","twitter_misc":{"Est. reading time":"1 minute"},"schema":{"@context":"https:\/\/schema.org","@graph":[{"@type":"WebPage","@id":"https:\/\/sport21.com\/fr\/","url":"https:\/\/sport21.com\/fr\/","name":"Favoriser les partenariats | Agence Sport 21 Motorsport","isPartOf":{"@id":"https:\/\/sport21.com\/#website"},"primaryImageOfPage":{"@id":"https:\/\/sport21.com\/fr\/#primaryimage"},"image":{"@id":"https:\/\/sport21.com\/fr\/#primaryimage"},"thumbnailUrl":"https:\/\/sport21.com\/wp\/wp-content\/uploads\/2020\/03\/banner-01.jpg","datePublished":"2021-04-28T19:31:14+00:00","dateModified":"2021-04-29T15:17:09+00:00","description":"Sport 21 est une agence de sport automobile unique con\u00e7ue pour aider les pilotes et les \u00e9quipes \u00e0 maximiser leurs opportunit\u00e9s et leur succ\u00e8s - sur et hors piste.","breadcrumb":{"@id":"https:\/\/sport21.com\/fr\/#breadcrumb"},"inLanguage":"fr-FR","potentialAction":[{"@type":"ReadAction","target":["https:\/\/sport21.com\/fr\/"]}]},{"@type":"ImageObject","inLanguage":"fr-FR","@id":"https:\/\/sport21.com\/fr\/#primaryimage","url":"https:\/\/sport21.com\/wp\/wp-content\/uploads\/2020\/03\/banner-01.jpg","contentUrl":"https:\/\/sport21.com\/wp\/wp-content\/uploads\/2020\/03\/banner-01.jpg","width":1366,"height":788,"caption":"pilotes de course sport 21"},{"@type":"BreadcrumbList","@id":"https:\/\/sport21.com\/fr\/#breadcrumb","itemListElement":[{"@type":"ListItem","position":1,"name":"Home","item":"https:\/\/sport21.com\/fr\/"},{"@type":"ListItem","position":2,"name":"PARTENARIATS DE CONDUITE"}]},{"@type":"WebSite","@id":"https:\/\/sport21.com\/#website","url":"https:\/\/sport21.com\/","name":"Sport 21","description":"A motorsport agency designed to support you in winning both on the track and off it","potentialAction":[{"@type":"SearchAction","target":{"@type":"EntryPoint","urlTemplate":"https:\/\/sport21.com\/?s={search_term_string}"},"query-input":{"@type":"PropertyValueSpecification","valueRequired":true,"valueName":"search_term_string"}}],"inLanguage":"fr-FR"}]}},"_links":{"self":[{"href":"https:\/\/sport21.com\/fr\/wp-json\/wp\/v2\/pages\/1197","targetHints":{"allow":["GET"]}}],"collection":[{"href":"https:\/\/sport21.com\/fr\/wp-json\/wp\/v2\/pages"}],"about":[{"href":"https:\/\/sport21.com\/fr\/wp-json\/wp\/v2\/types\/page"}],"author":[{"embeddable":true,"href":"https:\/\/sport21.com\/fr\/wp-json\/wp\/v2\/users\/7"}],"replies":[{"embeddable":true,"href":"https:\/\/sport21.com\/fr\/wp-json\/wp\/v2\/comments?post=1197"}],"version-history":[{"count":4,"href":"https:\/\/sport21.com\/fr\/wp-json\/wp\/v2\/pages\/1197\/revisions"}],"predecessor-version":[{"id":1628,"href":"https:\/\/sport21.com\/fr\/wp-json\/wp\/v2\/pages\/1197\/revisions\/1628"}],"wp:featuredmedia":[{"embeddable":true,"href":"https:\/\/sport21.com\/fr\/wp-json\/wp\/v2\/media\/1209"}],"wp:attachment":[{"href":"https:\/\/sport21.com\/fr\/wp-json\/wp\/v2\/media?parent=1197"}],"curies":[{"name":"wp","href":"https:\/\/api.w.org\/{rel}","templated":true}]}}