{"id":1405,"date":"2021-04-28T20:36:47","date_gmt":"2021-04-28T19:36:47","guid":{"rendered":"https:\/\/sport21.com\/ponerse-en-contacto\/"},"modified":"2022-01-20T14:03:54","modified_gmt":"2022-01-20T14:03:54","slug":"ponerse-en-contacto","status":"publish","type":"page","link":"https:\/\/sport21.com\/es\/ponerse-en-contacto\/","title":{"rendered":"Ponerse en contacto"},"content":{"rendered":"<p>Ayudamos a nuestros clientes a obtener las mejores oportunidades de carreras. Oportunidades de conducci\u00f3n y carreras que han creado el ideal<a href=\"https:\/\/sport21.com\/wp\/what-we-do\/\" target=\"_blank\" rel=\"noopener noreferrer\"> plataformas para el \u00e9xito<\/a> .<br \/>\nComplete el formulario a continuaci\u00f3n o comun\u00edquese con nosotros a trav\u00e9s de nuestros datos de contacto a continuaci\u00f3n.<\/p>\n<p><strong>Londres +44 20 7193 7352 \/ +44 7778 554572<\/strong><\/p>\n<p>Nueva York +1 (212) 863 9932<br \/>\n<a href=\"mailto:info@sport21.com\">info@sport21.com<\/a><\/p>\n<p>Oficina central<br \/>\n18 Soho Square<br \/>\nLondres W1D 3QL<br \/>\nReino Unido<\/p>\n","protected":false},"excerpt":{"rendered":"<p>Ayudamos a nuestros clientes a obtener las mejores oportunidades de&#8230; <a class=\"view-article\" href=\"https:\/\/sport21.com\/es\/ponerse-en-contacto\/\">Read more<\/a><\/p>\n","protected":false},"author":7,"featured_media":0,"parent":0,"menu_order":5,"comment_status":"closed","ping_status":"closed","template":"","meta":{"_acf_changed":false,"footnotes":""},"class_list":["post-1405","page","type-page","status-publish","hentry"],"acf":[],"yoast_head":"<!-- This site is optimized with the Yoast SEO plugin v27.5 - https:\/\/yoast.com\/product\/yoast-seo-wordpress\/ -->\n<title>Oportunidades de carreras: p\u00f3ngase en contacto con nosotros | Deporte 21<\/title>\n<meta name=\"description\" content=\"P\u00f3ngase en contacto con nosotros aqu\u00ed en Sport 21 para descubrir las oportunidades de conducci\u00f3n y carreras que pueden estar disponibles para usted como plataforma para el \u00e9xito.\" \/>\n<meta name=\"robots\" content=\"index, follow, max-snippet:-1, max-image-preview:large, max-video-preview:-1\" \/>\n<link rel=\"canonical\" href=\"https:\/\/sport21.com\/es\/ponerse-en-contacto\/\" \/>\n<meta property=\"og:locale\" content=\"es_ES\" \/>\n<meta property=\"og:type\" content=\"article\" \/>\n<meta property=\"og:title\" content=\"Oportunidades de carreras: p\u00f3ngase en contacto con nosotros | Deporte 21\" \/>\n<meta property=\"og:description\" content=\"P\u00f3ngase en contacto con nosotros aqu\u00ed en Sport 21 para descubrir las oportunidades de conducci\u00f3n y carreras que pueden estar disponibles para usted como plataforma para el \u00e9xito.\" \/>\n<meta property=\"og:url\" content=\"https:\/\/sport21.com\/es\/ponerse-en-contacto\/\" \/>\n<meta property=\"og:site_name\" content=\"Sport 21\" \/>\n<meta property=\"article:modified_time\" content=\"2022-01-20T14:03:54+00:00\" \/>\n<meta name=\"twitter:card\" content=\"summary_large_image\" \/>\n<script type=\"application\/ld+json\" class=\"yoast-schema-graph\">{\"@context\":\"https:\\\/\\\/schema.org\",\"@graph\":[{\"@type\":\"WebPage\",\"@id\":\"https:\\\/\\\/sport21.com\\\/es\\\/ponerse-en-contacto\\\/\",\"url\":\"https:\\\/\\\/sport21.com\\\/es\\\/ponerse-en-contacto\\\/\",\"name\":\"Oportunidades de carreras: p\u00f3ngase en contacto con nosotros | Deporte 21\",\"isPartOf\":{\"@id\":\"https:\\\/\\\/sport21.com\\\/#website\"},\"datePublished\":\"2021-04-28T19:36:47+00:00\",\"dateModified\":\"2022-01-20T14:03:54+00:00\",\"description\":\"P\u00f3ngase en contacto con nosotros aqu\u00ed en Sport 21 para descubrir las oportunidades de conducci\u00f3n y carreras que pueden estar disponibles para usted como plataforma para el \u00e9xito.\",\"breadcrumb\":{\"@id\":\"https:\\\/\\\/sport21.com\\\/es\\\/ponerse-en-contacto\\\/#breadcrumb\"},\"inLanguage\":\"es-ES\",\"potentialAction\":[{\"@type\":\"ReadAction\",\"target\":[\"https:\\\/\\\/sport21.com\\\/es\\\/ponerse-en-contacto\\\/\"]}]},{\"@type\":\"BreadcrumbList\",\"@id\":\"https:\\\/\\\/sport21.com\\\/es\\\/ponerse-en-contacto\\\/#breadcrumb\",\"itemListElement\":[{\"@type\":\"ListItem\",\"position\":1,\"name\":\"Home\",\"item\":\"https:\\\/\\\/sport21.com\\\/es\\\/\"},{\"@type\":\"ListItem\",\"position\":2,\"name\":\"Ponerse en contacto\"}]},{\"@type\":\"WebSite\",\"@id\":\"https:\\\/\\\/sport21.com\\\/#website\",\"url\":\"https:\\\/\\\/sport21.com\\\/\",\"name\":\"Sport 21\",\"description\":\"A motorsport agency designed to support you in winning both on the track and off it\",\"potentialAction\":[{\"@type\":\"SearchAction\",\"target\":{\"@type\":\"EntryPoint\",\"urlTemplate\":\"https:\\\/\\\/sport21.com\\\/?s={search_term_string}\"},\"query-input\":{\"@type\":\"PropertyValueSpecification\",\"valueRequired\":true,\"valueName\":\"search_term_string\"}}],\"inLanguage\":\"es-ES\"}]}<\/script>\n<!-- \/ Yoast SEO plugin. -->","yoast_head_json":{"title":"Oportunidades de carreras: p\u00f3ngase en contacto con nosotros | Deporte 21","description":"P\u00f3ngase en contacto con nosotros aqu\u00ed en Sport 21 para descubrir las oportunidades de conducci\u00f3n y carreras que pueden estar disponibles para usted como plataforma para el \u00e9xito.","robots":{"index":"index","follow":"follow","max-snippet":"max-snippet:-1","max-image-preview":"max-image-preview:large","max-video-preview":"max-video-preview:-1"},"canonical":"https:\/\/sport21.com\/es\/ponerse-en-contacto\/","og_locale":"es_ES","og_type":"article","og_title":"Oportunidades de carreras: p\u00f3ngase en contacto con nosotros | Deporte 21","og_description":"P\u00f3ngase en contacto con nosotros aqu\u00ed en Sport 21 para descubrir las oportunidades de conducci\u00f3n y carreras que pueden estar disponibles para usted como plataforma para el \u00e9xito.","og_url":"https:\/\/sport21.com\/es\/ponerse-en-contacto\/","og_site_name":"Sport 21","article_modified_time":"2022-01-20T14:03:54+00:00","twitter_card":"summary_large_image","schema":{"@context":"https:\/\/schema.org","@graph":[{"@type":"WebPage","@id":"https:\/\/sport21.com\/es\/ponerse-en-contacto\/","url":"https:\/\/sport21.com\/es\/ponerse-en-contacto\/","name":"Oportunidades de carreras: p\u00f3ngase en contacto con nosotros | Deporte 21","isPartOf":{"@id":"https:\/\/sport21.com\/#website"},"datePublished":"2021-04-28T19:36:47+00:00","dateModified":"2022-01-20T14:03:54+00:00","description":"P\u00f3ngase en contacto con nosotros aqu\u00ed en Sport 21 para descubrir las oportunidades de conducci\u00f3n y carreras que pueden estar disponibles para usted como plataforma para el \u00e9xito.","breadcrumb":{"@id":"https:\/\/sport21.com\/es\/ponerse-en-contacto\/#breadcrumb"},"inLanguage":"es-ES","potentialAction":[{"@type":"ReadAction","target":["https:\/\/sport21.com\/es\/ponerse-en-contacto\/"]}]},{"@type":"BreadcrumbList","@id":"https:\/\/sport21.com\/es\/ponerse-en-contacto\/#breadcrumb","itemListElement":[{"@type":"ListItem","position":1,"name":"Home","item":"https:\/\/sport21.com\/es\/"},{"@type":"ListItem","position":2,"name":"Ponerse en contacto"}]},{"@type":"WebSite","@id":"https:\/\/sport21.com\/#website","url":"https:\/\/sport21.com\/","name":"Sport 21","description":"A motorsport agency designed to support you in winning both on the track and off it","potentialAction":[{"@type":"SearchAction","target":{"@type":"EntryPoint","urlTemplate":"https:\/\/sport21.com\/?s={search_term_string}"},"query-input":{"@type":"PropertyValueSpecification","valueRequired":true,"valueName":"search_term_string"}}],"inLanguage":"es-ES"}]}},"_links":{"self":[{"href":"https:\/\/sport21.com\/es\/wp-json\/wp\/v2\/pages\/1405","targetHints":{"allow":["GET"]}}],"collection":[{"href":"https:\/\/sport21.com\/es\/wp-json\/wp\/v2\/pages"}],"about":[{"href":"https:\/\/sport21.com\/es\/wp-json\/wp\/v2\/types\/page"}],"author":[{"embeddable":true,"href":"https:\/\/sport21.com\/es\/wp-json\/wp\/v2\/users\/7"}],"replies":[{"embeddable":true,"href":"https:\/\/sport21.com\/es\/wp-json\/wp\/v2\/comments?post=1405"}],"version-history":[{"count":1,"href":"https:\/\/sport21.com\/es\/wp-json\/wp\/v2\/pages\/1405\/revisions"}],"predecessor-version":[{"id":2899,"href":"https:\/\/sport21.com\/es\/wp-json\/wp\/v2\/pages\/1405\/revisions\/2899"}],"wp:attachment":[{"href":"https:\/\/sport21.com\/es\/wp-json\/wp\/v2\/media?parent=1405"}],"curies":[{"name":"wp","href":"https:\/\/api.w.org\/{rel}","templated":true}]}}