{"id":1252,"date":"2021-04-28T20:36:38","date_gmt":"2021-04-28T19:36:38","guid":{"rendered":"https:\/\/sport21.com\/patrocinio\/"},"modified":"2021-04-28T20:36:38","modified_gmt":"2021-04-28T19:36:38","slug":"patrocinio","status":"publish","type":"page","link":"https:\/\/sport21.com\/es\/patrocinio\/","title":{"rendered":"Patrocinio"},"content":{"rendered":"<p>En Sport 21, nuestro enfoque principal es garantizar que nuestros socios patrocinadores y clientes maximicen su potencial tanto desde una perspectiva deportiva como financiera.<\/p>\n<p>Trabajamos no solo con nuestra extensa base de datos de equipos y conductores, sino que utilizamos una red m\u00e1s amplia para identificar las oportunidades adecuadas para aquellas empresas que desean promover su marca a trav\u00e9s del automovilismo. La comprensi\u00f3n de nuestros equipos tanto del automovilismo como del marketing nos brinda la perspectiva \u00fanica de garantizar que las asociaciones creadas entre una marca y su activo (ya sea un equipo o un piloto son mutuamente beneficiosos.<\/p>\n<p>Las oportunidades de patrocinio no terminan en la fase de marca, tambi\u00e9n trabajamos con los clientes para brindar situaciones m\u00e1s comprometidas, como d\u00edas de pista y hospitalidad en eventos de carreras.<\/p>\n<p>&nbsp;<\/p>\n","protected":false},"excerpt":{"rendered":"<p>En Sport 21, nuestro enfoque principal es garantizar que nuestros&#8230; <a class=\"view-article\" href=\"https:\/\/sport21.com\/es\/patrocinio\/\">Read more<\/a><\/p>\n","protected":false},"author":7,"featured_media":0,"parent":0,"menu_order":2,"comment_status":"closed","ping_status":"closed","template":"","meta":{"_acf_changed":false,"footnotes":""},"class_list":["post-1252","page","type-page","status-publish","hentry"],"acf":[],"yoast_head":"<!-- This site is optimized with the Yoast SEO plugin v27.5 - https:\/\/yoast.com\/product\/yoast-seo-wordpress\/ -->\n<title>Patrocinio - Sport 21<\/title>\n<meta name=\"robots\" content=\"index, follow, max-snippet:-1, max-image-preview:large, max-video-preview:-1\" \/>\n<link rel=\"canonical\" href=\"https:\/\/sport21.com\/es\/patrocinio\/\" \/>\n<meta property=\"og:locale\" content=\"es_ES\" \/>\n<meta property=\"og:type\" content=\"article\" \/>\n<meta property=\"og:title\" content=\"Patrocinio - Sport 21\" \/>\n<meta property=\"og:description\" content=\"En Sport 21, nuestro enfoque principal es garantizar que nuestros... Read more\" \/>\n<meta property=\"og:url\" content=\"https:\/\/sport21.com\/es\/patrocinio\/\" \/>\n<meta property=\"og:site_name\" content=\"Sport 21\" \/>\n<meta name=\"twitter:card\" content=\"summary_large_image\" \/>\n<meta name=\"twitter:label1\" content=\"Est. reading time\" \/>\n\t<meta name=\"twitter:data1\" content=\"1 minute\" \/>\n<script type=\"application\/ld+json\" class=\"yoast-schema-graph\">{\"@context\":\"https:\\\/\\\/schema.org\",\"@graph\":[{\"@type\":\"WebPage\",\"@id\":\"https:\\\/\\\/sport21.com\\\/es\\\/patrocinio\\\/\",\"url\":\"https:\\\/\\\/sport21.com\\\/es\\\/patrocinio\\\/\",\"name\":\"Patrocinio - Sport 21\",\"isPartOf\":{\"@id\":\"https:\\\/\\\/sport21.com\\\/#website\"},\"datePublished\":\"2021-04-28T19:36:38+00:00\",\"breadcrumb\":{\"@id\":\"https:\\\/\\\/sport21.com\\\/es\\\/patrocinio\\\/#breadcrumb\"},\"inLanguage\":\"es-ES\",\"potentialAction\":[{\"@type\":\"ReadAction\",\"target\":[\"https:\\\/\\\/sport21.com\\\/es\\\/patrocinio\\\/\"]}]},{\"@type\":\"BreadcrumbList\",\"@id\":\"https:\\\/\\\/sport21.com\\\/es\\\/patrocinio\\\/#breadcrumb\",\"itemListElement\":[{\"@type\":\"ListItem\",\"position\":1,\"name\":\"Home\",\"item\":\"https:\\\/\\\/sport21.com\\\/es\\\/\"},{\"@type\":\"ListItem\",\"position\":2,\"name\":\"Patrocinio\"}]},{\"@type\":\"WebSite\",\"@id\":\"https:\\\/\\\/sport21.com\\\/#website\",\"url\":\"https:\\\/\\\/sport21.com\\\/\",\"name\":\"Sport 21\",\"description\":\"A motorsport agency designed to support you in winning both on the track and off it\",\"potentialAction\":[{\"@type\":\"SearchAction\",\"target\":{\"@type\":\"EntryPoint\",\"urlTemplate\":\"https:\\\/\\\/sport21.com\\\/?s={search_term_string}\"},\"query-input\":{\"@type\":\"PropertyValueSpecification\",\"valueRequired\":true,\"valueName\":\"search_term_string\"}}],\"inLanguage\":\"es-ES\"}]}<\/script>\n<!-- \/ Yoast SEO plugin. -->","yoast_head_json":{"title":"Patrocinio - Sport 21","robots":{"index":"index","follow":"follow","max-snippet":"max-snippet:-1","max-image-preview":"max-image-preview:large","max-video-preview":"max-video-preview:-1"},"canonical":"https:\/\/sport21.com\/es\/patrocinio\/","og_locale":"es_ES","og_type":"article","og_title":"Patrocinio - Sport 21","og_description":"En Sport 21, nuestro enfoque principal es garantizar que nuestros... Read more","og_url":"https:\/\/sport21.com\/es\/patrocinio\/","og_site_name":"Sport 21","twitter_card":"summary_large_image","twitter_misc":{"Est. reading time":"1 minute"},"schema":{"@context":"https:\/\/schema.org","@graph":[{"@type":"WebPage","@id":"https:\/\/sport21.com\/es\/patrocinio\/","url":"https:\/\/sport21.com\/es\/patrocinio\/","name":"Patrocinio - Sport 21","isPartOf":{"@id":"https:\/\/sport21.com\/#website"},"datePublished":"2021-04-28T19:36:38+00:00","breadcrumb":{"@id":"https:\/\/sport21.com\/es\/patrocinio\/#breadcrumb"},"inLanguage":"es-ES","potentialAction":[{"@type":"ReadAction","target":["https:\/\/sport21.com\/es\/patrocinio\/"]}]},{"@type":"BreadcrumbList","@id":"https:\/\/sport21.com\/es\/patrocinio\/#breadcrumb","itemListElement":[{"@type":"ListItem","position":1,"name":"Home","item":"https:\/\/sport21.com\/es\/"},{"@type":"ListItem","position":2,"name":"Patrocinio"}]},{"@type":"WebSite","@id":"https:\/\/sport21.com\/#website","url":"https:\/\/sport21.com\/","name":"Sport 21","description":"A motorsport agency designed to support you in winning both on the track and off it","potentialAction":[{"@type":"SearchAction","target":{"@type":"EntryPoint","urlTemplate":"https:\/\/sport21.com\/?s={search_term_string}"},"query-input":{"@type":"PropertyValueSpecification","valueRequired":true,"valueName":"search_term_string"}}],"inLanguage":"es-ES"}]}},"_links":{"self":[{"href":"https:\/\/sport21.com\/es\/wp-json\/wp\/v2\/pages\/1252","targetHints":{"allow":["GET"]}}],"collection":[{"href":"https:\/\/sport21.com\/es\/wp-json\/wp\/v2\/pages"}],"about":[{"href":"https:\/\/sport21.com\/es\/wp-json\/wp\/v2\/types\/page"}],"author":[{"embeddable":true,"href":"https:\/\/sport21.com\/es\/wp-json\/wp\/v2\/users\/7"}],"replies":[{"embeddable":true,"href":"https:\/\/sport21.com\/es\/wp-json\/wp\/v2\/comments?post=1252"}],"version-history":[{"count":0,"href":"https:\/\/sport21.com\/es\/wp-json\/wp\/v2\/pages\/1252\/revisions"}],"wp:attachment":[{"href":"https:\/\/sport21.com\/es\/wp-json\/wp\/v2\/media?parent=1252"}],"curies":[{"name":"wp","href":"https:\/\/api.w.org\/{rel}","templated":true}]}}