{"id":1393,"date":"2021-04-28T20:36:47","date_gmt":"2021-04-28T19:36:47","guid":{"rendered":"https:\/\/sport21.com\/in-kontakt-kommen\/"},"modified":"2022-01-20T14:03:28","modified_gmt":"2022-01-20T14:03:28","slug":"in-kontakt-kommen","status":"publish","type":"page","link":"https:\/\/sport21.com\/de\/in-kontakt-kommen\/","title":{"rendered":"In Kontakt kommen"},"content":{"rendered":"<p>Wir helfen unseren Kunden, die besten Rennm\u00f6glichkeiten zu sichern. Fahr- und Rennm\u00f6glichkeiten, die das Ideal geschaffen haben<a href=\"https:\/\/sport21.com\/wp\/what-we-do\/\" target=\"_blank\" rel=\"noopener noreferrer\"> Plattformen f\u00fcr den Erfolg<\/a> .<br \/>\nBitte f\u00fcllen Sie das unten stehende Formular aus oder kontaktieren Sie uns \u00fcber unsere unten angegebenen Kontaktdaten.<\/p>\n<p><strong>London +44 20 7193 7352 \/ +44 7778 554572<\/strong><\/p>\n<p>New York +1 (212) 863 9932<br \/>\n<a href=\"mailto:info@sport21.com\">info@sport21.com<\/a><\/p>\n<p>Hauptsitz<br \/>\n18 Soho Sqaure<br \/>\nLondon W1D 3QL<br \/>\nVereinigtes K\u00f6nigreich<\/p>\n","protected":false},"excerpt":{"rendered":"<p>Wir helfen unseren Kunden, die besten Rennm\u00f6glichkeiten zu sichern. Fahr-&#8230; <a class=\"view-article\" href=\"https:\/\/sport21.com\/de\/in-kontakt-kommen\/\">Read more<\/a><\/p>\n","protected":false},"author":7,"featured_media":0,"parent":0,"menu_order":5,"comment_status":"closed","ping_status":"closed","template":"","meta":{"_acf_changed":false,"footnotes":""},"class_list":["post-1393","page","type-page","status-publish","hentry"],"acf":[],"yoast_head":"<!-- This site is optimized with the Yoast SEO plugin v27.5 - https:\/\/yoast.com\/product\/yoast-seo-wordpress\/ -->\n<title>Rennm\u00f6glichkeiten - Nehmen Sie Kontakt mit uns auf | Sport 21<\/title>\n<meta name=\"description\" content=\"Kontaktieren Sie uns hier bei Sport 21, um die Fahr- und Rennm\u00f6glichkeiten zu entdecken, die Ihnen als Plattform f\u00fcr den Erfolg zur Verf\u00fcgung stehen.\" \/>\n<meta name=\"robots\" content=\"index, follow, max-snippet:-1, max-image-preview:large, max-video-preview:-1\" \/>\n<link rel=\"canonical\" href=\"https:\/\/sport21.com\/de\/in-kontakt-kommen\/\" \/>\n<meta property=\"og:locale\" content=\"de_DE\" \/>\n<meta property=\"og:type\" content=\"article\" \/>\n<meta property=\"og:title\" content=\"Rennm\u00f6glichkeiten - Nehmen Sie Kontakt mit uns auf | Sport 21\" \/>\n<meta property=\"og:description\" content=\"Kontaktieren Sie uns hier bei Sport 21, um die Fahr- und Rennm\u00f6glichkeiten zu entdecken, die Ihnen als Plattform f\u00fcr den Erfolg zur Verf\u00fcgung stehen.\" \/>\n<meta property=\"og:url\" content=\"https:\/\/sport21.com\/de\/in-kontakt-kommen\/\" \/>\n<meta property=\"og:site_name\" content=\"Sport 21\" \/>\n<meta property=\"article:modified_time\" content=\"2022-01-20T14:03:28+00:00\" \/>\n<meta name=\"twitter:card\" content=\"summary_large_image\" \/>\n<script type=\"application\/ld+json\" class=\"yoast-schema-graph\">{\"@context\":\"https:\\\/\\\/schema.org\",\"@graph\":[{\"@type\":\"WebPage\",\"@id\":\"https:\\\/\\\/sport21.com\\\/de\\\/in-kontakt-kommen\\\/\",\"url\":\"https:\\\/\\\/sport21.com\\\/de\\\/in-kontakt-kommen\\\/\",\"name\":\"Rennm\u00f6glichkeiten - Nehmen Sie Kontakt mit uns auf | Sport 21\",\"isPartOf\":{\"@id\":\"https:\\\/\\\/sport21.com\\\/#website\"},\"datePublished\":\"2021-04-28T19:36:47+00:00\",\"dateModified\":\"2022-01-20T14:03:28+00:00\",\"description\":\"Kontaktieren Sie uns hier bei Sport 21, um die Fahr- und Rennm\u00f6glichkeiten zu entdecken, die Ihnen als Plattform f\u00fcr den Erfolg zur Verf\u00fcgung stehen.\",\"breadcrumb\":{\"@id\":\"https:\\\/\\\/sport21.com\\\/de\\\/in-kontakt-kommen\\\/#breadcrumb\"},\"inLanguage\":\"de-DE\",\"potentialAction\":[{\"@type\":\"ReadAction\",\"target\":[\"https:\\\/\\\/sport21.com\\\/de\\\/in-kontakt-kommen\\\/\"]}]},{\"@type\":\"BreadcrumbList\",\"@id\":\"https:\\\/\\\/sport21.com\\\/de\\\/in-kontakt-kommen\\\/#breadcrumb\",\"itemListElement\":[{\"@type\":\"ListItem\",\"position\":1,\"name\":\"Home\",\"item\":\"https:\\\/\\\/sport21.com\\\/de\\\/\"},{\"@type\":\"ListItem\",\"position\":2,\"name\":\"In Kontakt kommen\"}]},{\"@type\":\"WebSite\",\"@id\":\"https:\\\/\\\/sport21.com\\\/#website\",\"url\":\"https:\\\/\\\/sport21.com\\\/\",\"name\":\"Sport 21\",\"description\":\"A motorsport agency designed to support you in winning both on the track and off it\",\"potentialAction\":[{\"@type\":\"SearchAction\",\"target\":{\"@type\":\"EntryPoint\",\"urlTemplate\":\"https:\\\/\\\/sport21.com\\\/?s={search_term_string}\"},\"query-input\":{\"@type\":\"PropertyValueSpecification\",\"valueRequired\":true,\"valueName\":\"search_term_string\"}}],\"inLanguage\":\"de-DE\"}]}<\/script>\n<!-- \/ Yoast SEO plugin. -->","yoast_head_json":{"title":"Rennm\u00f6glichkeiten - Nehmen Sie Kontakt mit uns auf | Sport 21","description":"Kontaktieren Sie uns hier bei Sport 21, um die Fahr- und Rennm\u00f6glichkeiten zu entdecken, die Ihnen als Plattform f\u00fcr den Erfolg zur Verf\u00fcgung stehen.","robots":{"index":"index","follow":"follow","max-snippet":"max-snippet:-1","max-image-preview":"max-image-preview:large","max-video-preview":"max-video-preview:-1"},"canonical":"https:\/\/sport21.com\/de\/in-kontakt-kommen\/","og_locale":"de_DE","og_type":"article","og_title":"Rennm\u00f6glichkeiten - Nehmen Sie Kontakt mit uns auf | Sport 21","og_description":"Kontaktieren Sie uns hier bei Sport 21, um die Fahr- und Rennm\u00f6glichkeiten zu entdecken, die Ihnen als Plattform f\u00fcr den Erfolg zur Verf\u00fcgung stehen.","og_url":"https:\/\/sport21.com\/de\/in-kontakt-kommen\/","og_site_name":"Sport 21","article_modified_time":"2022-01-20T14:03:28+00:00","twitter_card":"summary_large_image","schema":{"@context":"https:\/\/schema.org","@graph":[{"@type":"WebPage","@id":"https:\/\/sport21.com\/de\/in-kontakt-kommen\/","url":"https:\/\/sport21.com\/de\/in-kontakt-kommen\/","name":"Rennm\u00f6glichkeiten - Nehmen Sie Kontakt mit uns auf | Sport 21","isPartOf":{"@id":"https:\/\/sport21.com\/#website"},"datePublished":"2021-04-28T19:36:47+00:00","dateModified":"2022-01-20T14:03:28+00:00","description":"Kontaktieren Sie uns hier bei Sport 21, um die Fahr- und Rennm\u00f6glichkeiten zu entdecken, die Ihnen als Plattform f\u00fcr den Erfolg zur Verf\u00fcgung stehen.","breadcrumb":{"@id":"https:\/\/sport21.com\/de\/in-kontakt-kommen\/#breadcrumb"},"inLanguage":"de-DE","potentialAction":[{"@type":"ReadAction","target":["https:\/\/sport21.com\/de\/in-kontakt-kommen\/"]}]},{"@type":"BreadcrumbList","@id":"https:\/\/sport21.com\/de\/in-kontakt-kommen\/#breadcrumb","itemListElement":[{"@type":"ListItem","position":1,"name":"Home","item":"https:\/\/sport21.com\/de\/"},{"@type":"ListItem","position":2,"name":"In Kontakt kommen"}]},{"@type":"WebSite","@id":"https:\/\/sport21.com\/#website","url":"https:\/\/sport21.com\/","name":"Sport 21","description":"A motorsport agency designed to support you in winning both on the track and off it","potentialAction":[{"@type":"SearchAction","target":{"@type":"EntryPoint","urlTemplate":"https:\/\/sport21.com\/?s={search_term_string}"},"query-input":{"@type":"PropertyValueSpecification","valueRequired":true,"valueName":"search_term_string"}}],"inLanguage":"de-DE"}]}},"_links":{"self":[{"href":"https:\/\/sport21.com\/de\/wp-json\/wp\/v2\/pages\/1393","targetHints":{"allow":["GET"]}}],"collection":[{"href":"https:\/\/sport21.com\/de\/wp-json\/wp\/v2\/pages"}],"about":[{"href":"https:\/\/sport21.com\/de\/wp-json\/wp\/v2\/types\/page"}],"author":[{"embeddable":true,"href":"https:\/\/sport21.com\/de\/wp-json\/wp\/v2\/users\/7"}],"replies":[{"embeddable":true,"href":"https:\/\/sport21.com\/de\/wp-json\/wp\/v2\/comments?post=1393"}],"version-history":[{"count":1,"href":"https:\/\/sport21.com\/de\/wp-json\/wp\/v2\/pages\/1393\/revisions"}],"predecessor-version":[{"id":2898,"href":"https:\/\/sport21.com\/de\/wp-json\/wp\/v2\/pages\/1393\/revisions\/2898"}],"wp:attachment":[{"href":"https:\/\/sport21.com\/de\/wp-json\/wp\/v2\/media?parent=1393"}],"curies":[{"name":"wp","href":"https:\/\/api.w.org\/{rel}","templated":true}]}}