{"id":1264,"date":"2021-04-28T20:36:38","date_gmt":"2021-04-28T19:36:38","guid":{"rendered":"https:\/\/sport21.com\/unsere-gruender\/"},"modified":"2021-04-28T20:36:38","modified_gmt":"2021-04-28T19:36:38","slug":"unsere-gruender","status":"publish","type":"page","link":"https:\/\/sport21.com\/de\/unsere-gruender\/","title":{"rendered":"Unsere Gr\u00fcnder"},"content":{"rendered":"<p>Treffen Sie die Gr\u00fcnder, Berater und Partner von Sport 21, die ihre Bem\u00fchungen gemeinsam mobilisieren, um Win-Win-Deals und -Situationen zu erzielen<a href=\"https:\/\/sport21.com\/wp\/what-we-do\/\" target=\"_blank\" rel=\"noopener noreferrer\"> Plattformen des Erfolgs<\/a> f\u00fcr Fahrer, Teams und die Branche insgesamt. Die Gr\u00fcnder und das Team von Sport 21 betrachten diese M\u00f6glichkeiten insgesamt als die nat\u00fcrliche Ordnung der Dinge, wenn die richtigen Talente und Teams auf die richtige Weise miteinander verbunden sind. Sehen Sie die Hauptakteure in diesem Prozess unten.<\/p>\n<p>&nbsp;<\/p>\n","protected":false},"excerpt":{"rendered":"<p>Treffen Sie die Gr\u00fcnder, Berater und Partner von Sport 21,&#8230; <a class=\"view-article\" href=\"https:\/\/sport21.com\/de\/unsere-gruender\/\">Read more<\/a><\/p>\n","protected":false},"author":7,"featured_media":0,"parent":0,"menu_order":3,"comment_status":"closed","ping_status":"closed","template":"","meta":{"_acf_changed":false,"footnotes":""},"class_list":["post-1264","page","type-page","status-publish","hentry"],"acf":[],"yoast_head":"<!-- This site is optimized with the Yoast SEO plugin v27.4 - https:\/\/yoast.com\/product\/yoast-seo-wordpress\/ -->\n<title>Sport 21 Gr\u00fcnder | Motorsport-Beratungsagentur<\/title>\n<meta name=\"description\" content=\"Treffen Sie hier die Gr\u00fcnder von Sport 21 - sowie die Berater und Partner, die zusammenarbeiten, um das zu erm\u00f6glichen, was wir tun, und eine Win-Win-Situation f\u00fcr alle Beteiligten.\" \/>\n<meta name=\"robots\" content=\"index, follow, max-snippet:-1, max-image-preview:large, max-video-preview:-1\" \/>\n<link rel=\"canonical\" href=\"https:\/\/sport21.com\/de\/unsere-gruender\/\" \/>\n<meta property=\"og:locale\" content=\"de_DE\" \/>\n<meta property=\"og:type\" content=\"article\" \/>\n<meta property=\"og:title\" content=\"Sport 21 Gr\u00fcnder | Motorsport-Beratungsagentur\" \/>\n<meta property=\"og:description\" content=\"Treffen Sie hier die Gr\u00fcnder von Sport 21 - sowie die Berater und Partner, die zusammenarbeiten, um das zu erm\u00f6glichen, was wir tun, und eine Win-Win-Situation f\u00fcr alle Beteiligten.\" \/>\n<meta property=\"og:url\" content=\"https:\/\/sport21.com\/de\/unsere-gruender\/\" \/>\n<meta property=\"og:site_name\" content=\"Sport 21\" \/>\n<meta name=\"twitter:card\" content=\"summary_large_image\" \/>\n<script type=\"application\/ld+json\" class=\"yoast-schema-graph\">{\"@context\":\"https:\\\/\\\/schema.org\",\"@graph\":[{\"@type\":\"WebPage\",\"@id\":\"https:\\\/\\\/sport21.com\\\/de\\\/unsere-gruender\\\/\",\"url\":\"https:\\\/\\\/sport21.com\\\/de\\\/unsere-gruender\\\/\",\"name\":\"Sport 21 Gr\u00fcnder | Motorsport-Beratungsagentur\",\"isPartOf\":{\"@id\":\"https:\\\/\\\/sport21.com\\\/#website\"},\"datePublished\":\"2021-04-28T19:36:38+00:00\",\"description\":\"Treffen Sie hier die Gr\u00fcnder von Sport 21 - sowie die Berater und Partner, die zusammenarbeiten, um das zu erm\u00f6glichen, was wir tun, und eine Win-Win-Situation f\u00fcr alle Beteiligten.\",\"breadcrumb\":{\"@id\":\"https:\\\/\\\/sport21.com\\\/de\\\/unsere-gruender\\\/#breadcrumb\"},\"inLanguage\":\"de-DE\",\"potentialAction\":[{\"@type\":\"ReadAction\",\"target\":[\"https:\\\/\\\/sport21.com\\\/de\\\/unsere-gruender\\\/\"]}]},{\"@type\":\"BreadcrumbList\",\"@id\":\"https:\\\/\\\/sport21.com\\\/de\\\/unsere-gruender\\\/#breadcrumb\",\"itemListElement\":[{\"@type\":\"ListItem\",\"position\":1,\"name\":\"Home\",\"item\":\"https:\\\/\\\/sport21.com\\\/de\\\/\"},{\"@type\":\"ListItem\",\"position\":2,\"name\":\"Unsere Gr\u00fcnder\"}]},{\"@type\":\"WebSite\",\"@id\":\"https:\\\/\\\/sport21.com\\\/#website\",\"url\":\"https:\\\/\\\/sport21.com\\\/\",\"name\":\"Sport 21\",\"description\":\"A motorsport agency designed to support you in winning both on the track and off it\",\"potentialAction\":[{\"@type\":\"SearchAction\",\"target\":{\"@type\":\"EntryPoint\",\"urlTemplate\":\"https:\\\/\\\/sport21.com\\\/?s={search_term_string}\"},\"query-input\":{\"@type\":\"PropertyValueSpecification\",\"valueRequired\":true,\"valueName\":\"search_term_string\"}}],\"inLanguage\":\"de-DE\"}]}<\/script>\n<!-- \/ Yoast SEO plugin. -->","yoast_head_json":{"title":"Sport 21 Gr\u00fcnder | Motorsport-Beratungsagentur","description":"Treffen Sie hier die Gr\u00fcnder von Sport 21 - sowie die Berater und Partner, die zusammenarbeiten, um das zu erm\u00f6glichen, was wir tun, und eine Win-Win-Situation f\u00fcr alle Beteiligten.","robots":{"index":"index","follow":"follow","max-snippet":"max-snippet:-1","max-image-preview":"max-image-preview:large","max-video-preview":"max-video-preview:-1"},"canonical":"https:\/\/sport21.com\/de\/unsere-gruender\/","og_locale":"de_DE","og_type":"article","og_title":"Sport 21 Gr\u00fcnder | Motorsport-Beratungsagentur","og_description":"Treffen Sie hier die Gr\u00fcnder von Sport 21 - sowie die Berater und Partner, die zusammenarbeiten, um das zu erm\u00f6glichen, was wir tun, und eine Win-Win-Situation f\u00fcr alle Beteiligten.","og_url":"https:\/\/sport21.com\/de\/unsere-gruender\/","og_site_name":"Sport 21","twitter_card":"summary_large_image","schema":{"@context":"https:\/\/schema.org","@graph":[{"@type":"WebPage","@id":"https:\/\/sport21.com\/de\/unsere-gruender\/","url":"https:\/\/sport21.com\/de\/unsere-gruender\/","name":"Sport 21 Gr\u00fcnder | Motorsport-Beratungsagentur","isPartOf":{"@id":"https:\/\/sport21.com\/#website"},"datePublished":"2021-04-28T19:36:38+00:00","description":"Treffen Sie hier die Gr\u00fcnder von Sport 21 - sowie die Berater und Partner, die zusammenarbeiten, um das zu erm\u00f6glichen, was wir tun, und eine Win-Win-Situation f\u00fcr alle Beteiligten.","breadcrumb":{"@id":"https:\/\/sport21.com\/de\/unsere-gruender\/#breadcrumb"},"inLanguage":"de-DE","potentialAction":[{"@type":"ReadAction","target":["https:\/\/sport21.com\/de\/unsere-gruender\/"]}]},{"@type":"BreadcrumbList","@id":"https:\/\/sport21.com\/de\/unsere-gruender\/#breadcrumb","itemListElement":[{"@type":"ListItem","position":1,"name":"Home","item":"https:\/\/sport21.com\/de\/"},{"@type":"ListItem","position":2,"name":"Unsere Gr\u00fcnder"}]},{"@type":"WebSite","@id":"https:\/\/sport21.com\/#website","url":"https:\/\/sport21.com\/","name":"Sport 21","description":"A motorsport agency designed to support you in winning both on the track and off it","potentialAction":[{"@type":"SearchAction","target":{"@type":"EntryPoint","urlTemplate":"https:\/\/sport21.com\/?s={search_term_string}"},"query-input":{"@type":"PropertyValueSpecification","valueRequired":true,"valueName":"search_term_string"}}],"inLanguage":"de-DE"}]}},"_links":{"self":[{"href":"https:\/\/sport21.com\/de\/wp-json\/wp\/v2\/pages\/1264","targetHints":{"allow":["GET"]}}],"collection":[{"href":"https:\/\/sport21.com\/de\/wp-json\/wp\/v2\/pages"}],"about":[{"href":"https:\/\/sport21.com\/de\/wp-json\/wp\/v2\/types\/page"}],"author":[{"embeddable":true,"href":"https:\/\/sport21.com\/de\/wp-json\/wp\/v2\/users\/7"}],"replies":[{"embeddable":true,"href":"https:\/\/sport21.com\/de\/wp-json\/wp\/v2\/comments?post=1264"}],"version-history":[{"count":0,"href":"https:\/\/sport21.com\/de\/wp-json\/wp\/v2\/pages\/1264\/revisions"}],"wp:attachment":[{"href":"https:\/\/sport21.com\/de\/wp-json\/wp\/v2\/media?parent=1264"}],"curies":[{"name":"wp","href":"https:\/\/api.w.org\/{rel}","templated":true}]}}