{"id":1245,"date":"2021-04-28T20:36:38","date_gmt":"2021-04-28T19:36:38","guid":{"rendered":"https:\/\/sport21.com\/sponsoring\/"},"modified":"2021-04-29T11:53:11","modified_gmt":"2021-04-29T10:53:11","slug":"sponsoring","status":"publish","type":"page","link":"https:\/\/sport21.com\/de\/sponsoring\/","title":{"rendered":"Sponsoring"},"content":{"rendered":"<p>Bei Sport 21 liegt unser Hauptaugenmerk darauf, sicherzustellen, dass unsere Sponsoring-Partner und Kunden ihr Potenzial sowohl aus sportlicher als auch aus finanzieller Sicht maximieren<\/p>\n<p>Wir arbeiten nicht nur mit unserer umfangreichen Datenbank von Teams und Fahrern zusammen, sondern nutzen ein breiteres Netzwerk, um die richtigen M\u00f6glichkeiten f\u00fcr Unternehmen zu ermitteln, die ihre Marke durch den Motorsport bewerben m\u00f6chten. Das Verst\u00e4ndnis unseres Teams f\u00fcr Motorsport und Marketing bietet uns die einzigartige Perspektive, die Partnerschaften zwischen einer Marke und ihrem Verm\u00f6genswert sicherzustellen (entweder ein Team oder ein Fahrer ist f\u00fcr beide Seiten von Vorteil.<\/p>\n<p>Sponsoring-M\u00f6glichkeiten enden nicht in der Branding-Phase. Wir arbeiten auch mit Kunden zusammen, um engagiertere Situationen wie Streckentage und Gastfreundschaft bei Rennveranstaltungen zu schaffen.<\/p>\n<p>&nbsp;<\/p>\n","protected":false},"excerpt":{"rendered":"<p>Bei Sport 21 liegt unser Hauptaugenmerk darauf, sicherzustellen, dass unsere&#8230; <a class=\"view-article\" href=\"https:\/\/sport21.com\/de\/sponsoring\/\">Read more<\/a><\/p>\n","protected":false},"author":7,"featured_media":0,"parent":0,"menu_order":2,"comment_status":"closed","ping_status":"closed","template":"","meta":{"_acf_changed":false,"footnotes":""},"class_list":["post-1245","page","type-page","status-publish","hentry"],"acf":[],"yoast_head":"<!-- This site is optimized with the Yoast SEO plugin v27.5 - https:\/\/yoast.com\/product\/yoast-seo-wordpress\/ -->\n<title>Sponsoring - Sport 21<\/title>\n<meta name=\"robots\" content=\"index, follow, max-snippet:-1, max-image-preview:large, max-video-preview:-1\" \/>\n<link rel=\"canonical\" href=\"https:\/\/sport21.com\/de\/sponsoring\/\" \/>\n<meta property=\"og:locale\" content=\"de_DE\" \/>\n<meta property=\"og:type\" content=\"article\" \/>\n<meta property=\"og:title\" content=\"Sponsoring - Sport 21\" \/>\n<meta property=\"og:description\" content=\"Bei Sport 21 liegt unser Hauptaugenmerk darauf, sicherzustellen, dass unsere... Read more\" \/>\n<meta property=\"og:url\" content=\"https:\/\/sport21.com\/de\/sponsoring\/\" \/>\n<meta property=\"og:site_name\" content=\"Sport 21\" \/>\n<meta property=\"article:modified_time\" content=\"2021-04-29T10:53:11+00:00\" \/>\n<meta name=\"twitter:card\" content=\"summary_large_image\" \/>\n<meta name=\"twitter:label1\" content=\"Est. reading time\" \/>\n\t<meta name=\"twitter:data1\" content=\"1 minute\" \/>\n<script type=\"application\/ld+json\" class=\"yoast-schema-graph\">{\"@context\":\"https:\\\/\\\/schema.org\",\"@graph\":[{\"@type\":\"WebPage\",\"@id\":\"https:\\\/\\\/sport21.com\\\/de\\\/sponsoring\\\/\",\"url\":\"https:\\\/\\\/sport21.com\\\/de\\\/sponsoring\\\/\",\"name\":\"Sponsoring - Sport 21\",\"isPartOf\":{\"@id\":\"https:\\\/\\\/sport21.com\\\/#website\"},\"datePublished\":\"2021-04-28T19:36:38+00:00\",\"dateModified\":\"2021-04-29T10:53:11+00:00\",\"breadcrumb\":{\"@id\":\"https:\\\/\\\/sport21.com\\\/de\\\/sponsoring\\\/#breadcrumb\"},\"inLanguage\":\"de-DE\",\"potentialAction\":[{\"@type\":\"ReadAction\",\"target\":[\"https:\\\/\\\/sport21.com\\\/de\\\/sponsoring\\\/\"]}]},{\"@type\":\"BreadcrumbList\",\"@id\":\"https:\\\/\\\/sport21.com\\\/de\\\/sponsoring\\\/#breadcrumb\",\"itemListElement\":[{\"@type\":\"ListItem\",\"position\":1,\"name\":\"Home\",\"item\":\"https:\\\/\\\/sport21.com\\\/de\\\/\"},{\"@type\":\"ListItem\",\"position\":2,\"name\":\"Sponsoring\"}]},{\"@type\":\"WebSite\",\"@id\":\"https:\\\/\\\/sport21.com\\\/#website\",\"url\":\"https:\\\/\\\/sport21.com\\\/\",\"name\":\"Sport 21\",\"description\":\"A motorsport agency designed to support you in winning both on the track and off it\",\"potentialAction\":[{\"@type\":\"SearchAction\",\"target\":{\"@type\":\"EntryPoint\",\"urlTemplate\":\"https:\\\/\\\/sport21.com\\\/?s={search_term_string}\"},\"query-input\":{\"@type\":\"PropertyValueSpecification\",\"valueRequired\":true,\"valueName\":\"search_term_string\"}}],\"inLanguage\":\"de-DE\"}]}<\/script>\n<!-- \/ Yoast SEO plugin. -->","yoast_head_json":{"title":"Sponsoring - Sport 21","robots":{"index":"index","follow":"follow","max-snippet":"max-snippet:-1","max-image-preview":"max-image-preview:large","max-video-preview":"max-video-preview:-1"},"canonical":"https:\/\/sport21.com\/de\/sponsoring\/","og_locale":"de_DE","og_type":"article","og_title":"Sponsoring - Sport 21","og_description":"Bei Sport 21 liegt unser Hauptaugenmerk darauf, sicherzustellen, dass unsere... Read more","og_url":"https:\/\/sport21.com\/de\/sponsoring\/","og_site_name":"Sport 21","article_modified_time":"2021-04-29T10:53:11+00:00","twitter_card":"summary_large_image","twitter_misc":{"Est. reading time":"1 minute"},"schema":{"@context":"https:\/\/schema.org","@graph":[{"@type":"WebPage","@id":"https:\/\/sport21.com\/de\/sponsoring\/","url":"https:\/\/sport21.com\/de\/sponsoring\/","name":"Sponsoring - Sport 21","isPartOf":{"@id":"https:\/\/sport21.com\/#website"},"datePublished":"2021-04-28T19:36:38+00:00","dateModified":"2021-04-29T10:53:11+00:00","breadcrumb":{"@id":"https:\/\/sport21.com\/de\/sponsoring\/#breadcrumb"},"inLanguage":"de-DE","potentialAction":[{"@type":"ReadAction","target":["https:\/\/sport21.com\/de\/sponsoring\/"]}]},{"@type":"BreadcrumbList","@id":"https:\/\/sport21.com\/de\/sponsoring\/#breadcrumb","itemListElement":[{"@type":"ListItem","position":1,"name":"Home","item":"https:\/\/sport21.com\/de\/"},{"@type":"ListItem","position":2,"name":"Sponsoring"}]},{"@type":"WebSite","@id":"https:\/\/sport21.com\/#website","url":"https:\/\/sport21.com\/","name":"Sport 21","description":"A motorsport agency designed to support you in winning both on the track and off it","potentialAction":[{"@type":"SearchAction","target":{"@type":"EntryPoint","urlTemplate":"https:\/\/sport21.com\/?s={search_term_string}"},"query-input":{"@type":"PropertyValueSpecification","valueRequired":true,"valueName":"search_term_string"}}],"inLanguage":"de-DE"}]}},"_links":{"self":[{"href":"https:\/\/sport21.com\/de\/wp-json\/wp\/v2\/pages\/1245","targetHints":{"allow":["GET"]}}],"collection":[{"href":"https:\/\/sport21.com\/de\/wp-json\/wp\/v2\/pages"}],"about":[{"href":"https:\/\/sport21.com\/de\/wp-json\/wp\/v2\/types\/page"}],"author":[{"embeddable":true,"href":"https:\/\/sport21.com\/de\/wp-json\/wp\/v2\/users\/7"}],"replies":[{"embeddable":true,"href":"https:\/\/sport21.com\/de\/wp-json\/wp\/v2\/comments?post=1245"}],"version-history":[{"count":1,"href":"https:\/\/sport21.com\/de\/wp-json\/wp\/v2\/pages\/1245\/revisions"}],"predecessor-version":[{"id":1418,"href":"https:\/\/sport21.com\/de\/wp-json\/wp\/v2\/pages\/1245\/revisions\/1418"}],"wp:attachment":[{"href":"https:\/\/sport21.com\/de\/wp-json\/wp\/v2\/media?parent=1245"}],"curies":[{"name":"wp","href":"https:\/\/api.w.org\/{rel}","templated":true}]}}